{"id":2,"date":"2026-02-13T14:45:47","date_gmt":"2026-02-13T14:45:47","guid":{"rendered":"https:\/\/adrianewsnetwork.com\/rs\/?page_id=2"},"modified":"2026-02-16T17:27:43","modified_gmt":"2026-02-16T17:27:43","slug":"sample-page","status":"publish","type":"page","link":"https:\/\/adrianewsnetwork.com\/rs\/","title":{"rendered":"Home"},"content":{"rendered":"\n<div data-theme=\"transparent\" class=\"bg-center min-h-[min(clamp(550px,90vw,1080px),100vh)] bg-cover flex items-end relative py-[clamp(30px,10vw,100px)]\" style=\"background-image: url('https:\/\/adrianewsnetwork.com\/rs\/wp-content\/uploads\/2026\/02\/shutterstock_1212918049-scaled.jpg');\">\n\t<div class=\"bg-brand-primary\/50 mix-blend-multiply h-full w-full absolute top-0 left-0\"><\/div>\n\t<div class=\"cwrap relative w-full z-10\">\n\t\t<div class=\"max-w-[840px] text-white\">\n\t\t\t<h1 data-size=\"normal\" class=\"data-[size=large]:text-[clamp(44px,9vw,120px)] max-w-[90%] text-[clamp(32px,5vw,72px)] mb-[clamp(20px,2vw,30px)] leading-[1em] font-bold -tracking-[0.04em]\">\u0160irimo vidike.<\/h1>\n\t\t\t<span class=\"inline-block text-[clamp(20px,3vw,40px)] font-bold -tracking-[0.04em] leading-[1em] mb-[clamp(30px,2vw,45px)]\">Nezavisno novinarstvo po najvi\u0161im svetskim standardima.<\/span>\n\t\t\t<div class=\"flex gap-[clamp(20px,3vw,40px)]\">\n\t\t\t\t<span class=\"w-[clamp(60px,10vw,80px)] shrink-0\">\n\t\t\t\t\t<svg xmlns=\"http:\/\/www.w3.org\/2000\/svg\" viewBox=\"0 0 635.87 636\">\n  <path fill=\"currentColor\" d=\"m5.95 0 .54 131.76h400.16L0 538.66 96.74 636 504.1 215.99v413.4l131.76-.06V0Z\"\/>\n<\/svg>\n\t\t\t\t<\/span>\n\t\t\t\t<p class=\"max-w-[clamp(300px,40vw,550px)] text-[clamp(16px,2vw,22px)] font-light leading-[1.286em] -tracking-[0.04em]\">Adria News Network objedinjuje pouzdane informativne brendove jugoisto\u010dne Evrope kroz novu platformu posve\u0107enu nezavisnom novinarstvu.<\/p>\n\t\t\t<\/div>\n\t\t<\/div>\n\t<\/div>\n<\/div>\n\n\n\n<div data-theme=\"normal\" class=\"pageListing mt-[clamp(40px,7vw,80px)] mb-[clamp(90px,10vw,180px)]\">\n\t<div class=\"cwrap\">\n\t\t<ul class=\"border-t border-[#707070]\">\n\t\t\t\t\t\t<li class=\"relative\">\n\t\t\t\t\t\t\t\t\t\t\t\t\t\t<a href=\"https:\/\/adrianewsnetwork.com\/rs\/o-nama\/\" class=\"group no-underline relative gap-[20px] sm:gap-[100px] flex sm:flex-row flex-col justify-between sm:items-end py-[20px] border-b border-[#707070]\">\n\t\t\t\t\t\t<div class=\"absolute bg-brand-primary\/5 top-0 left-0 hidden md:block group-hover:opacity-100 duration-300 ease-in-out transition-all opacity-0 w-screen ml-[calc(50%-50vw)] mr-[calc(50%-50vw)] h-full pointer-events-none select-none\"><\/div>\n\t\t\t\t\t\t<div class=\"flex relative order-1 shrink-0 z-10 flex-col gap-[95px]\">\n\t\t\t\t\t\t\t<span class=\"text-[clamp(72px,10vw,112px)] leading-[1em] [-webkit-text-stroke:2px_black] text-transparent font-bold -tracking-[0.04em]\">01.<\/span>\n\t\t\t\t\t\t\t<div class=\"h-[50px] hidden sm:block\"><\/div>\n\t\t\t\t\t\t<\/div>\n\t\t\t\t\t\t<div class=\"lg:opacity-0 order-3 duration-300 sm:absolute left-0 bottom-[20px] transition-all ease-in-out group-hover:opacity-100\">\n\t\t\t\t\t\t\t<span class=\"px-[25px] text-[clamp(13px,2vw,14px)] leading-[1em] tracking-[0.02em] font-medium uppercase w-fit items-center py-[clamp(15px,3vw,17px)] rounded-[16px] gap-[10px] bg-brand-primary text-white flex cursor-pointer hover:bg-black transition duration-300\">\n\tPRO\u010cITAJTE VI\u0160E\t\t\t<span class=\"size-[10px] [&#038;_svg]:w-full [&#038;_svg]:h-full\">\n\t\t\t<svg xmlns=\"http:\/\/www.w3.org\/2000\/svg\" viewBox=\"0 0 11.13 11.13\">\n  <path fill=\"currentColor\" d=\"M5.62.05 4.47 1.21l3.5 3.5H.85v1.7L8.1 6.3 4.47 9.92l1.15 1.15 5.51-5.5Z\"\/>\n<\/svg>\n\t\t<\/span>\n\t<\/span>\n\t\t\t\t\t\t<\/div>\n\t\t\t\t\t\t<div class=\"relative z-10 order-2 max-w-[675px] sm:text-right\">\n\t\t\t\t\t\t\t<h2 class=\"text-[clamp(26px,5vw,56px)] leading-[1.2856em] mb-[10px] font-bold -tracking-[0.04em]\">O ANN-u<\/h2>\n\t\t\t\t\t\t\t<span class=\"text-[clamp(16px,3vw,26px)] transition-all duration-300 ease-in-out group-hover:opacity-100 lg:opacity-0 inline-block mb-[16px] leading-[1.3123em] font-bold -tracking-[0.04em]\">Razli\u010diti glasovi. Jedinstveni standardi.<\/span>\n\t\t\t\t\t\t\t<p class=\"text-[clamp(14px,2vw,17px)] transition-all duration-300 ease-in-out group-hover:opacity-100 lg:opacity-0 leading-[1.4em] font-light -tracking-[0.04em] max-w-[clamp(320px,40vw,425px)] sm:ml-auto text-pretty\">Adria News Network. Nezavisno novinarstvo za Zapadni Balkan. Na ekranu. Online. Zabele\u017eeno.<\/p>\n\t\t\t\t\t\t<\/div>\n\t\t\t\t\t<\/a>\n\t\t\t\t\t\t\t<\/li>\n\t\t\t\t\t\t<li class=\"relative\">\n\t\t\t\t\t\t\t\t\t\t\t\t\t\t<a href=\"https:\/\/adrianewsnetwork.com\/rs\/nasi-brendovi\/\" class=\"group no-underline relative gap-[20px] sm:gap-[100px] flex sm:flex-row flex-col justify-between sm:items-end py-[20px] border-b border-[#707070]\">\n\t\t\t\t\t\t<div class=\"absolute bg-brand-primary\/5 top-0 left-0 hidden md:block group-hover:opacity-100 duration-300 ease-in-out transition-all opacity-0 w-screen ml-[calc(50%-50vw)] mr-[calc(50%-50vw)] h-full pointer-events-none select-none\"><\/div>\n\t\t\t\t\t\t<div class=\"flex relative order-1 shrink-0 z-10 flex-col gap-[95px]\">\n\t\t\t\t\t\t\t<span class=\"text-[clamp(72px,10vw,112px)] leading-[1em] [-webkit-text-stroke:2px_black] text-transparent font-bold -tracking-[0.04em]\">02.<\/span>\n\t\t\t\t\t\t\t<div class=\"h-[50px] hidden sm:block\"><\/div>\n\t\t\t\t\t\t<\/div>\n\t\t\t\t\t\t<div class=\"lg:opacity-0 order-3 duration-300 sm:absolute left-0 bottom-[20px] transition-all ease-in-out group-hover:opacity-100\">\n\t\t\t\t\t\t\t<span class=\"px-[25px] text-[clamp(13px,2vw,14px)] leading-[1em] tracking-[0.02em] font-medium uppercase w-fit items-center py-[clamp(15px,3vw,17px)] rounded-[16px] gap-[10px] bg-brand-primary text-white flex cursor-pointer hover:bg-black transition duration-300\">\n\tPRO\u010cITAJTE VI\u0160E\t\t\t<span class=\"size-[10px] [&#038;_svg]:w-full [&#038;_svg]:h-full\">\n\t\t\t<svg xmlns=\"http:\/\/www.w3.org\/2000\/svg\" viewBox=\"0 0 11.13 11.13\">\n  <path fill=\"currentColor\" d=\"M5.62.05 4.47 1.21l3.5 3.5H.85v1.7L8.1 6.3 4.47 9.92l1.15 1.15 5.51-5.5Z\"\/>\n<\/svg>\n\t\t<\/span>\n\t<\/span>\n\t\t\t\t\t\t<\/div>\n\t\t\t\t\t\t<div class=\"relative z-10 order-2 max-w-[675px] sm:text-right\">\n\t\t\t\t\t\t\t<h2 class=\"text-[clamp(26px,5vw,56px)] leading-[1.2856em] mb-[10px] font-bold -tracking-[0.04em]\">Na\u0161i brendovi<\/h2>\n\t\t\t\t\t\t\t<span class=\"text-[clamp(16px,3vw,26px)] transition-all duration-300 ease-in-out group-hover:opacity-100 lg:opacity-0 inline-block mb-[16px] leading-[1.3123em] font-bold -tracking-[0.04em]\">Pouzdani mediji. Zajedni\u010dka misija.<\/span>\n\t\t\t\t\t\t\t<p class=\"text-[clamp(14px,2vw,17px)] transition-all duration-300 ease-in-out group-hover:opacity-100 lg:opacity-0 leading-[1.4em] font-light -tracking-[0.04em] max-w-[clamp(320px,40vw,425px)] sm:ml-auto text-pretty\">Na\u0161e brendove povezuje zajedni\u010dka posve\u0107enost nezavisnosti, odgovornosti i delovanju u javnom interesu.<\/p>\n\t\t\t\t\t\t<\/div>\n\t\t\t\t\t<\/a>\n\t\t\t\t\t\t\t<\/li>\n\t\t\t\t\t\t<li class=\"relative\">\n\t\t\t\t\t\t\t\t\t\t\t\t\t\t<a href=\"https:\/\/adrianewsnetwork.com\/rs\/rukovodstvo-i-upravljanje\/\" class=\"group no-underline relative gap-[20px] sm:gap-[100px] flex sm:flex-row flex-col justify-between sm:items-end py-[20px] border-b border-[#707070]\">\n\t\t\t\t\t\t<div class=\"absolute bg-brand-primary\/5 top-0 left-0 hidden md:block group-hover:opacity-100 duration-300 ease-in-out transition-all opacity-0 w-screen ml-[calc(50%-50vw)] mr-[calc(50%-50vw)] h-full pointer-events-none select-none\"><\/div>\n\t\t\t\t\t\t<div class=\"flex relative order-1 shrink-0 z-10 flex-col gap-[95px]\">\n\t\t\t\t\t\t\t<span class=\"text-[clamp(72px,10vw,112px)] leading-[1em] [-webkit-text-stroke:2px_black] text-transparent font-bold -tracking-[0.04em]\">03.<\/span>\n\t\t\t\t\t\t\t<div class=\"h-[50px] hidden sm:block\"><\/div>\n\t\t\t\t\t\t<\/div>\n\t\t\t\t\t\t<div class=\"lg:opacity-0 order-3 duration-300 sm:absolute left-0 bottom-[20px] transition-all ease-in-out group-hover:opacity-100\">\n\t\t\t\t\t\t\t<span class=\"px-[25px] text-[clamp(13px,2vw,14px)] leading-[1em] tracking-[0.02em] font-medium uppercase w-fit items-center py-[clamp(15px,3vw,17px)] rounded-[16px] gap-[10px] bg-brand-primary text-white flex cursor-pointer hover:bg-black transition duration-300\">\n\tPRO\u010cITAJTE VI\u0160E\t\t\t<span class=\"size-[10px] [&#038;_svg]:w-full [&#038;_svg]:h-full\">\n\t\t\t<svg xmlns=\"http:\/\/www.w3.org\/2000\/svg\" viewBox=\"0 0 11.13 11.13\">\n  <path fill=\"currentColor\" d=\"M5.62.05 4.47 1.21l3.5 3.5H.85v1.7L8.1 6.3 4.47 9.92l1.15 1.15 5.51-5.5Z\"\/>\n<\/svg>\n\t\t<\/span>\n\t<\/span>\n\t\t\t\t\t\t<\/div>\n\t\t\t\t\t\t<div class=\"relative z-10 order-2 max-w-[675px] sm:text-right\">\n\t\t\t\t\t\t\t<h2 class=\"text-[clamp(26px,5vw,56px)] leading-[1.2856em] mb-[10px] font-bold -tracking-[0.04em]\">Rukovodstvo i upravljanje<\/h2>\n\t\t\t\t\t\t\t<span class=\"text-[clamp(16px,3vw,26px)] transition-all duration-300 ease-in-out group-hover:opacity-100 lg:opacity-0 inline-block mb-[16px] leading-[1.3123em] font-bold -tracking-[0.04em]\">Iskustvo. Integritet. Smer.<\/span>\n\t\t\t\t\t\t\t<p class=\"text-[clamp(14px,2vw,17px)] transition-all duration-300 ease-in-out group-hover:opacity-100 lg:opacity-0 leading-[1.4em] font-light -tracking-[0.04em] max-w-[clamp(320px,40vw,425px)] sm:ml-auto text-pretty\">Na\u0161 novi model upravljanja uspostavlja jasne mehanizme za\u0161tite koji obezbe\u0111uju dugoro\u010dnu odr\u017eivost, \u0161tite novinare od politi\u010dkog i komercijalnog uticaja i pru\u017eaju stabilnost i jasne okvire delovanja na\u0161im zaposlenima i publici.<\/p>\n\t\t\t\t\t\t<\/div>\n\t\t\t\t\t<\/a>\n\t\t\t\t\t\t\t<\/li>\n\t\t\t\t\t\t<li class=\"relative\">\n\t\t\t\t\t\t\t\t\t\t\t\t\t\t<a href=\"https:\/\/adrianewsnetwork.com\/rs\/najnovije-vesti\/\" class=\"group no-underline relative gap-[20px] sm:gap-[100px] flex sm:flex-row flex-col justify-between sm:items-end py-[20px] border-b border-[#707070]\">\n\t\t\t\t\t\t<div class=\"absolute bg-brand-primary\/5 top-0 left-0 hidden md:block group-hover:opacity-100 duration-300 ease-in-out transition-all opacity-0 w-screen ml-[calc(50%-50vw)] mr-[calc(50%-50vw)] h-full pointer-events-none select-none\"><\/div>\n\t\t\t\t\t\t<div class=\"flex relative order-1 shrink-0 z-10 flex-col gap-[95px]\">\n\t\t\t\t\t\t\t<span class=\"text-[clamp(72px,10vw,112px)] leading-[1em] [-webkit-text-stroke:2px_black] text-transparent font-bold -tracking-[0.04em]\">04.<\/span>\n\t\t\t\t\t\t\t<div class=\"h-[50px] hidden sm:block\"><\/div>\n\t\t\t\t\t\t<\/div>\n\t\t\t\t\t\t<div class=\"lg:opacity-0 order-3 duration-300 sm:absolute left-0 bottom-[20px] transition-all ease-in-out group-hover:opacity-100\">\n\t\t\t\t\t\t\t<span class=\"px-[25px] text-[clamp(13px,2vw,14px)] leading-[1em] tracking-[0.02em] font-medium uppercase w-fit items-center py-[clamp(15px,3vw,17px)] rounded-[16px] gap-[10px] bg-brand-primary text-white flex cursor-pointer hover:bg-black transition duration-300\">\n\tPRO\u010cITAJTE VI\u0160E\t\t\t<span class=\"size-[10px] [&#038;_svg]:w-full [&#038;_svg]:h-full\">\n\t\t\t<svg xmlns=\"http:\/\/www.w3.org\/2000\/svg\" viewBox=\"0 0 11.13 11.13\">\n  <path fill=\"currentColor\" d=\"M5.62.05 4.47 1.21l3.5 3.5H.85v1.7L8.1 6.3 4.47 9.92l1.15 1.15 5.51-5.5Z\"\/>\n<\/svg>\n\t\t<\/span>\n\t<\/span>\n\t\t\t\t\t\t<\/div>\n\t\t\t\t\t\t<div class=\"relative z-10 order-2 max-w-[675px] sm:text-right\">\n\t\t\t\t\t\t\t<h2 class=\"text-[clamp(26px,5vw,56px)] leading-[1.2856em] mb-[10px] font-bold -tracking-[0.04em]\">Najnovije vesti<\/h2>\n\t\t\t\t\t\t\t<span class=\"text-[clamp(16px,3vw,26px)] transition-all duration-300 ease-in-out group-hover:opacity-100 lg:opacity-0 inline-block mb-[16px] leading-[1.3123em] font-bold -tracking-[0.04em]\">Pratite najnovija saop\u0161tenja, izve\u0161taje i objave.<\/span>\n\t\t\t\t\t\t\t<p class=\"text-[clamp(14px,2vw,17px)] transition-all duration-300 ease-in-out group-hover:opacity-100 lg:opacity-0 leading-[1.4em] font-light -tracking-[0.04em] max-w-[clamp(320px,40vw,425px)] sm:ml-auto text-pretty\">Najnovije informacije, saop\u0161tenja i uvidi iz Adria News Network-a i njenih nagra\u0111ivanih medija.<\/p>\n\t\t\t\t\t\t<\/div>\n\t\t\t\t\t<\/a>\n\t\t\t\t\t\t\t<\/li>\n\t\t\t\t\t\t<li class=\"relative\">\n\t\t\t\t\t\t\t\t\t\t\t\t\t\t<a href=\"https:\/\/adrianewsnetwork.com\/rs\/#contact\" class=\"group no-underline relative gap-[20px] sm:gap-[100px] flex sm:flex-row flex-col justify-between sm:items-end py-[20px] border-b border-[#707070]\">\n\t\t\t\t\t\t<div class=\"absolute bg-brand-primary\/5 top-0 left-0 hidden md:block group-hover:opacity-100 duration-300 ease-in-out transition-all opacity-0 w-screen ml-[calc(50%-50vw)] mr-[calc(50%-50vw)] h-full pointer-events-none select-none\"><\/div>\n\t\t\t\t\t\t<div class=\"flex relative order-1 shrink-0 z-10 flex-col gap-[95px]\">\n\t\t\t\t\t\t\t<span class=\"text-[clamp(72px,10vw,112px)] leading-[1em] [-webkit-text-stroke:2px_black] text-transparent font-bold -tracking-[0.04em]\">05.<\/span>\n\t\t\t\t\t\t\t<div class=\"h-[50px] hidden sm:block\"><\/div>\n\t\t\t\t\t\t<\/div>\n\t\t\t\t\t\t<div class=\"lg:opacity-0 order-3 duration-300 sm:absolute left-0 bottom-[20px] transition-all ease-in-out group-hover:opacity-100\">\n\t\t\t\t\t\t\t<span class=\"px-[25px] text-[clamp(13px,2vw,14px)] leading-[1em] tracking-[0.02em] font-medium uppercase w-fit items-center py-[clamp(15px,3vw,17px)] rounded-[16px] gap-[10px] bg-brand-primary text-white flex cursor-pointer hover:bg-black transition duration-300\">\n\tKontakt\t\t\t<span class=\"size-[10px] [&#038;_svg]:w-full [&#038;_svg]:h-full\">\n\t\t\t<svg xmlns=\"http:\/\/www.w3.org\/2000\/svg\" viewBox=\"0 0 11.13 11.13\">\n  <path fill=\"currentColor\" d=\"M5.62.05 4.47 1.21l3.5 3.5H.85v1.7L8.1 6.3 4.47 9.92l1.15 1.15 5.51-5.5Z\"\/>\n<\/svg>\n\t\t<\/span>\n\t<\/span>\n\t\t\t\t\t\t<\/div>\n\t\t\t\t\t\t<div class=\"relative z-10 order-2 max-w-[675px] sm:text-right\">\n\t\t\t\t\t\t\t<h2 class=\"text-[clamp(26px,5vw,56px)] leading-[1.2856em] mb-[10px] font-bold -tracking-[0.04em]\">Kontakt<\/h2>\n\t\t\t\t\t\t\t<span class=\"text-[clamp(16px,3vw,26px)] transition-all duration-300 ease-in-out group-hover:opacity-100 lg:opacity-0 inline-block mb-[16px] leading-[1.3123em] font-bold -tracking-[0.04em]\">Pove\u017eite se sa Adria News Network-om<\/span>\n\t\t\t\t\t\t\t<p class=\"text-[clamp(14px,2vw,17px)] transition-all duration-300 ease-in-out group-hover:opacity-100 lg:opacity-0 leading-[1.4em] font-light -tracking-[0.04em] max-w-[clamp(320px,40vw,425px)] sm:ml-auto text-pretty\">Kontaktirajte Adria News Network za upite, dodatne informacije ili kako biste stupili u kontakt sa na\u0161im timom.<\/p>\n\t\t\t\t\t\t<\/div>\n\t\t\t\t\t<\/a>\n\t\t\t\t\t\t\t<\/li>\n\t\t\t\t\t<\/ul>\n\t<\/div>\n<\/div>\n","protected":false},"excerpt":{"rendered":"","protected":false},"author":1,"featured_media":0,"parent":0,"menu_order":0,"comment_status":"closed","ping_status":"open","template":"","meta":{"_acf_changed":false,"footnotes":""},"class_list":["post-2","page","type-page","status-publish","hentry"],"acf":[],"yoast_head":"<!-- This site is optimized with the Yoast SEO plugin v26.9 - https:\/\/yoast.com\/product\/yoast-seo-wordpress\/ -->\n<title>Home - \u0410\u0434\u0440\u0438\u0430 \u041d\u0435\u0432\u0441 \u041d\u0435\u0442\u0432\u043e\u0440\u043a<\/title>\n<meta name=\"robots\" content=\"index, follow, max-snippet:-1, max-image-preview:large, max-video-preview:-1\" \/>\n<link rel=\"canonical\" href=\"https:\/\/adrianewsnetwork.com\/rs\/\" \/>\n<meta property=\"og:locale\" content=\"en_GB\" \/>\n<meta property=\"og:type\" content=\"article\" \/>\n<meta property=\"og:title\" content=\"Home - \u0410\u0434\u0440\u0438\u0430 \u041d\u0435\u0432\u0441 \u041d\u0435\u0442\u0432\u043e\u0440\u043a\" \/>\n<meta property=\"og:url\" content=\"https:\/\/adrianewsnetwork.com\/rs\/\" \/>\n<meta property=\"og:site_name\" content=\"\u0410\u0434\u0440\u0438\u0430 \u041d\u0435\u0432\u0441 \u041d\u0435\u0442\u0432\u043e\u0440\u043a\" \/>\n<meta property=\"article:modified_time\" content=\"2026-02-16T17:27:43+00:00\" \/>\n<meta name=\"twitter:card\" content=\"summary_large_image\" \/>\n<script type=\"application\/ld+json\" class=\"yoast-schema-graph\">{\"@context\":\"https:\/\/schema.org\",\"@graph\":[{\"@type\":\"WebPage\",\"@id\":\"https:\/\/adrianewsnetwork.com\/rs\/\",\"url\":\"https:\/\/adrianewsnetwork.com\/rs\/\",\"name\":\"Home - \u0410\u0434\u0440\u0438\u0430 \u041d\u0435\u0432\u0441 \u041d\u0435\u0442\u0432\u043e\u0440\u043a\",\"isPartOf\":{\"@id\":\"https:\/\/adrianewsnetwork.com\/rs\/#website\"},\"datePublished\":\"2026-02-13T14:45:47+00:00\",\"dateModified\":\"2026-02-16T17:27:43+00:00\",\"breadcrumb\":{\"@id\":\"https:\/\/adrianewsnetwork.com\/rs\/#breadcrumb\"},\"inLanguage\":\"en-GB\",\"potentialAction\":[{\"@type\":\"ReadAction\",\"target\":[\"https:\/\/adrianewsnetwork.com\/rs\/\"]}]},{\"@type\":\"BreadcrumbList\",\"@id\":\"https:\/\/adrianewsnetwork.com\/rs\/#breadcrumb\",\"itemListElement\":[{\"@type\":\"ListItem\",\"position\":1,\"name\":\"Home\",\"item\":\"https:\/\/adrianewsnetwork.com\/rs\/\"},{\"@type\":\"ListItem\",\"position\":2,\"name\":\"Home\"}]},{\"@type\":\"WebSite\",\"@id\":\"https:\/\/adrianewsnetwork.com\/rs\/#website\",\"url\":\"https:\/\/adrianewsnetwork.com\/rs\/\",\"name\":\"\u0410\u0434\u0440\u0438\u0430 \u041d\u0435\u0432\u0441 \u041d\u0435\u0442\u0432\u043e\u0440\u043a\",\"description\":\"\",\"potentialAction\":[{\"@type\":\"SearchAction\",\"target\":{\"@type\":\"EntryPoint\",\"urlTemplate\":\"https:\/\/adrianewsnetwork.com\/rs\/?s={search_term_string}\"},\"query-input\":{\"@type\":\"PropertyValueSpecification\",\"valueRequired\":true,\"valueName\":\"search_term_string\"}}],\"inLanguage\":\"en-GB\"}]}<\/script>\n<!-- \/ Yoast SEO plugin. -->","yoast_head_json":{"title":"Home - \u0410\u0434\u0440\u0438\u0430 \u041d\u0435\u0432\u0441 \u041d\u0435\u0442\u0432\u043e\u0440\u043a","robots":{"index":"index","follow":"follow","max-snippet":"max-snippet:-1","max-image-preview":"max-image-preview:large","max-video-preview":"max-video-preview:-1"},"canonical":"https:\/\/adrianewsnetwork.com\/rs\/","og_locale":"en_GB","og_type":"article","og_title":"Home - \u0410\u0434\u0440\u0438\u0430 \u041d\u0435\u0432\u0441 \u041d\u0435\u0442\u0432\u043e\u0440\u043a","og_url":"https:\/\/adrianewsnetwork.com\/rs\/","og_site_name":"\u0410\u0434\u0440\u0438\u0430 \u041d\u0435\u0432\u0441 \u041d\u0435\u0442\u0432\u043e\u0440\u043a","article_modified_time":"2026-02-16T17:27:43+00:00","twitter_card":"summary_large_image","schema":{"@context":"https:\/\/schema.org","@graph":[{"@type":"WebPage","@id":"https:\/\/adrianewsnetwork.com\/rs\/","url":"https:\/\/adrianewsnetwork.com\/rs\/","name":"Home - \u0410\u0434\u0440\u0438\u0430 \u041d\u0435\u0432\u0441 \u041d\u0435\u0442\u0432\u043e\u0440\u043a","isPartOf":{"@id":"https:\/\/adrianewsnetwork.com\/rs\/#website"},"datePublished":"2026-02-13T14:45:47+00:00","dateModified":"2026-02-16T17:27:43+00:00","breadcrumb":{"@id":"https:\/\/adrianewsnetwork.com\/rs\/#breadcrumb"},"inLanguage":"en-GB","potentialAction":[{"@type":"ReadAction","target":["https:\/\/adrianewsnetwork.com\/rs\/"]}]},{"@type":"BreadcrumbList","@id":"https:\/\/adrianewsnetwork.com\/rs\/#breadcrumb","itemListElement":[{"@type":"ListItem","position":1,"name":"Home","item":"https:\/\/adrianewsnetwork.com\/rs\/"},{"@type":"ListItem","position":2,"name":"Home"}]},{"@type":"WebSite","@id":"https:\/\/adrianewsnetwork.com\/rs\/#website","url":"https:\/\/adrianewsnetwork.com\/rs\/","name":"\u0410\u0434\u0440\u0438\u0430 \u041d\u0435\u0432\u0441 \u041d\u0435\u0442\u0432\u043e\u0440\u043a","description":"","potentialAction":[{"@type":"SearchAction","target":{"@type":"EntryPoint","urlTemplate":"https:\/\/adrianewsnetwork.com\/rs\/?s={search_term_string}"},"query-input":{"@type":"PropertyValueSpecification","valueRequired":true,"valueName":"search_term_string"}}],"inLanguage":"en-GB"}]}},"_links":{"self":[{"href":"https:\/\/adrianewsnetwork.com\/rs\/wp-json\/wp\/v2\/pages\/2","targetHints":{"allow":["GET"]}}],"collection":[{"href":"https:\/\/adrianewsnetwork.com\/rs\/wp-json\/wp\/v2\/pages"}],"about":[{"href":"https:\/\/adrianewsnetwork.com\/rs\/wp-json\/wp\/v2\/types\/page"}],"author":[{"embeddable":true,"href":"https:\/\/adrianewsnetwork.com\/rs\/wp-json\/wp\/v2\/users\/1"}],"replies":[{"embeddable":true,"href":"https:\/\/adrianewsnetwork.com\/rs\/wp-json\/wp\/v2\/comments?post=2"}],"version-history":[{"count":3,"href":"https:\/\/adrianewsnetwork.com\/rs\/wp-json\/wp\/v2\/pages\/2\/revisions"}],"predecessor-version":[{"id":34,"href":"https:\/\/adrianewsnetwork.com\/rs\/wp-json\/wp\/v2\/pages\/2\/revisions\/34"}],"wp:attachment":[{"href":"https:\/\/adrianewsnetwork.com\/rs\/wp-json\/wp\/v2\/media?parent=2"}],"curies":[{"name":"wp","href":"https:\/\/api.w.org\/{rel}","templated":true}]}}