{"id":25,"date":"2026-02-16T17:21:49","date_gmt":"2026-02-16T17:21:49","guid":{"rendered":"https:\/\/adrianewsnetwork.com\/rs\/?page_id=25"},"modified":"2026-02-16T17:42:22","modified_gmt":"2026-02-16T17:42:22","slug":"o-nama","status":"publish","type":"page","link":"https:\/\/adrianewsnetwork.com\/rs\/o-nama\/","title":{"rendered":"O Nama"},"content":{"rendered":"\n<div data-theme=\"transparent\" class=\"bg-center min-h-[min(clamp(550px,90vw,1080px),100vh)] bg-cover flex items-end relative py-[clamp(30px,10vw,100px)]\" style=\"background-image: url('https:\/\/adrianewsnetwork.com\/rs\/wp-content\/uploads\/2026\/02\/shutterstock_2441638251-scaled.jpg');\">\n\t<div class=\"bg-brand-primary\/50 mix-blend-multiply h-full w-full absolute top-0 left-0\"><\/div>\n\t<div class=\"cwrap relative w-full z-10\">\n\t\t<div class=\"max-w-[840px] text-white\">\n\t\t\t<h1 data-size=\"normal\" class=\"data-[size=large]:text-[clamp(44px,9vw,120px)] max-w-[90%] text-[clamp(32px,5vw,72px)] mb-[clamp(20px,2vw,30px)] leading-[1em] font-bold -tracking-[0.04em]\">O Adria News Network-u<\/h1>\n\t\t\t<span class=\"inline-block text-[clamp(20px,3vw,40px)] font-bold -tracking-[0.04em] leading-[1em] mb-[clamp(30px,2vw,45px)]\">Javni interes. Ure\u0111iva\u010dki integritet.<\/span>\n\t\t\t<div class=\"flex gap-[clamp(20px,3vw,40px)]\">\n\t\t\t\t<span class=\"w-[clamp(60px,10vw,80px)] shrink-0\">\n\t\t\t\t\t<svg xmlns=\"http:\/\/www.w3.org\/2000\/svg\" viewBox=\"0 0 635.87 636\">\n  <path fill=\"currentColor\" d=\"m5.95 0 .54 131.76h400.16L0 538.66 96.74 636 504.1 215.99v413.4l131.76-.06V0Z\"\/>\n<\/svg>\n\t\t\t\t<\/span>\n\t\t\t\t<p class=\"max-w-[clamp(300px,40vw,550px)] text-[clamp(16px,2vw,22px)] font-light leading-[1.286em] -tracking-[0.04em]\">Adria News okuplja 14 vode\u0107ih informativnih organizacija u Bosni i Hercegovini, Hrvatskoj, Crnoj Gori, Srbiji i Sloveniji u okviru jedinstvene, potpuno nezavisne mre\u017ee.<\/p>\n\t\t\t<\/div>\n\t\t<\/div>\n\t<\/div>\n<\/div>\n\n\n<section class=\"content-with-image pt-[clamp(48px,6vw,96px)] pb-[clamp(100px,12vw,200px)] relative\">\n\n                <div class=\"absolute bottom-[5vw] text-white left-[-8vw] w-[55vw] md:w-[35vw] max-w-[700px] [&#038;_svg]:w-full [&#038;_svg]:h-auto opacity-100\" aria-hidden=\"true\">\n                <svg xmlns=\"http:\/\/www.w3.org\/2000\/svg\" width=\"889.229\" height=\"889.23\" viewBox=\"0 0 889.229 889.23\">\n  <g id=\"Group_40\" data-name=\"Group 40\" transform=\"translate(396.631 49.03) rotate(45)\">\n    <g id=\"Group_3\" data-name=\"Group 3\" transform=\"translate(0 -68.133)\">\n      <path id=\"Path_3\" data-name=\"Path 3\" d=\"M5.231,0l.534,130.026h394.9L-.637,531.573l95.463,96.062,402.017-414.49V621.1l130.026-.055V0Z\" transform=\"translate(0.637)\" fill=\"none\" stroke=\"#a3a3a3\" stroke-width=\"1\"\/>\n    <\/g>\n  <\/g>\n<\/svg>\n            <\/div>\n        \n    \n    <div class=\"cwrap\">\n\n        <div class=\"flex flex-col items-center justify-center\">\n\n                            <h2 class=\"text-[clamp(32px,5vw,72px)] font-bold leading-[1] mb-[clamp(25px,5vw,50px)]\">Ure\u0111iva\u010dka misija<\/h2>\n            \n                            <p class=\"text-[clamp(20px,3vw,26px)] font-bold text-center leading-[1.312] max-w-[clamp(800px,56vw,1000px)] mb-[clamp(40px,5vw,100px)]\">Postojimo da analiziramo, informi\u0161emo i objasnimo procese i promene koje oblikuju jugoisto\u010dnu Evropu. Nezavisni od politi\u010dkog i komercijalnog uticaja, na\u0161e novinarstvo zasniva se na proveri \u010dinjenica, transparentnosti i odgovornosti.<\/p>\n            \n            <div class=\"max-w-[750px] xl:max-w-[1200px] flex flex-col xl:flex-row gap-[60px] items-center xl:items-stretch justify-between w-full\">\n\n                                    <div class=\"w-full xl:max-w-[535px]\">\n                        <img loading=\"lazy\" decoding=\"async\" width=\"2560\" height=\"1440\" src=\"https:\/\/adrianewsnetwork.com\/rs\/wp-content\/uploads\/2026\/02\/shutterstock_2658900449-scaled.jpg\" class=\"w-full h-full object-cover\" alt=\"\" \/>                    <\/div>\n                \n                                    <div class=\"hidden xl:block border-[0.5px] border-[#707070]\"><\/div>\n                \n                                    <div class=\"xl:max-w-[535px]\">\n                        <p class=\"text-[16px] md:text-[18px] font-light leading-[1.54] text-center md:text-start\">Adria News okuplja 14 vode\u0107ih informativnih organizacija u Bosni i Hercegovini, Hrvatskoj, Crnoj Gori, Srbiji i Sloveniji u okviru jedinstvene, potpuno nezavisne mre\u017ee. Formirana kao zasebna kompanija sa trajno za\u0161ti\u0107enim sistemom upravljanja, ANN \u010duva ure\u0111iva\u010dku nezavisnost i pru\u017ea pouzdano novinarstvo publici \u0161irom regiona. Vo\u0111ena nezavisnim Upravnim odborom i me\u0111unarodno priznatim Ure\u0111iva\u010dkim savetom, na\u0161a je misija da publici u jugoisto\u010dnoj Evropi obezbedimo profesionalno, eti\u010dko i odr\u017eivo izve\u0161tavanje.<\/p>\n                    <\/div>\n                \n            <\/div>\n\n        <\/div>\n\n    <\/div>\n\n<\/section>\n\n\n<div class=\"page-linking list-image py-[clamp(50px,9cqw,160px)] bg-[#001A3E]\" style=\"background-image: url('https:\/\/adrianewsnetwork.com\/rs\/wp-content\/uploads\/2026\/02\/rememberme-scaled.webp');\">\n    <div class=\"cwrap\">\n        <div class=\"flex md:gap-[clamp(50px,6vw,80px)] flex-wrap items-stretch\">\n            <div class=\"w-full md:w-[clamp(300px,40vw,675px)] pt-[14px] pl-[14px]\">\n                <div class=\"text-white\">\n                    <h2 class=\"text-[clamp(32px,5vw,72px)] leading-[1em] mb-[40px] font-bold -tracking-[0.04em]\">Na\u0161i standardi<\/h2>\n                    <div class=\"flex gap-[clamp(20px,3vw,40px)]\">\n                        <span class=\"w-[clamp(80px,10vw,100px)] shrink-0\">\n                            <svg xmlns=\"http:\/\/www.w3.org\/2000\/svg\" viewBox=\"0 0 635.87 636\">\n  <path fill=\"currentColor\" d=\"m5.95 0 .54 131.76h400.16L0 538.66 96.74 636 504.1 215.99v413.4l131.76-.06V0Z\"\/>\n<\/svg>\n                        <\/span>\n                        <p class=\"max-w-[clamp(300px,40vw,550px)] text-[clamp(16px,2vw,22px)] font-light leading-[1.286em] -tracking-[0.04em]\">Vi\u0161e od jedne decenije izve\u0161tavamo o klju\u010dnim doga\u0111ajima koji oblikuju jugoisto\u010dnu Evropu. Danas dodatno ja\u010damo to nasle\u0111e primenom me\u0111unarodno priznatih standarda ure\u0111iva\u010dke nezavisnosti, provere \u010dinjenica, transparentnosti i odgovornosti \u2014 uz sna\u017ean i jasno definisan sistem upravljanja koji ih \u0161titi.<\/p>\n                    <\/div>\n                <\/div>\n                <div class=\"hidden md:block xl:pl-[calc(clamp(80px,10vw,100px)+40px)] mt-[75px]\">\n                    <div class=\"w-full h-auto aspect-video relative overflow-hidden\">\n                                                    <div class=\"absolute w-full h-full page-linking__item--image data-[active=true]:translate-x-0 translate-x-[-100%]\" data-item=\"0\" data-active=\"true\">\n                                <img loading=\"lazy\" decoding=\"async\" width=\"2560\" height=\"1706\" src=\"https:\/\/adrianewsnetwork.com\/rs\/wp-content\/uploads\/2026\/02\/shutterstock_2362056283-scaled.jpg\" class=\"object-cover w-full h-full\" alt=\"\" \/>                            <\/div>\n                                                    <div class=\"absolute w-full h-full page-linking__item--image data-[active=true]:translate-x-0 translate-x-[-100%]\" data-item=\"1\" data-active=\"false\">\n                                <img loading=\"lazy\" decoding=\"async\" width=\"2560\" height=\"964\" src=\"https:\/\/adrianewsnetwork.com\/rs\/wp-content\/uploads\/2026\/02\/shutterstock_2474170319-scaled.jpg\" class=\"object-cover w-full h-full\" alt=\"\" \/>                            <\/div>\n                                                    <div class=\"absolute w-full h-full page-linking__item--image data-[active=true]:translate-x-0 translate-x-[-100%]\" data-item=\"2\" data-active=\"false\">\n                                <img loading=\"lazy\" decoding=\"async\" width=\"2560\" height=\"1396\" src=\"https:\/\/adrianewsnetwork.com\/rs\/wp-content\/uploads\/2026\/02\/shutterstock_2600862083-scaled.jpg\" class=\"object-cover w-full h-full\" alt=\"\" \/>                            <\/div>\n                                                    <div class=\"absolute w-full h-full page-linking__item--image data-[active=true]:translate-x-0 translate-x-[-100%]\" data-item=\"3\" data-active=\"false\">\n                                <img loading=\"lazy\" decoding=\"async\" width=\"2560\" height=\"1707\" src=\"https:\/\/adrianewsnetwork.com\/rs\/wp-content\/uploads\/2026\/02\/shutterstock_2613582945-scaled.jpg\" class=\"object-cover w-full h-full\" alt=\"\" \/>                            <\/div>\n                                            <\/div>\n                <\/div>\n            <\/div>\n            <ul class=\"w-full mt-[40px] md:mt-0 md:w-[calc(100%-clamp(300px,40vw,675px)-clamp(50px,6vw,80px))] flex flex-col\">\n                                    <li class=\"py-[20px] md:border-t border-white\/70 first:border-t-0\">\n                        <div class=\"flex flex-col md:flex-row no-underline items-center gap-[15px] md:justify-between group page-linking__item\" data-item=\"0\" data-active=\"true\">\n                            <div class=\"w-full mb-[20px] md:hidden h-auto aspect-[363\/236] shrink-0 relative overflow-hidden\">\n                                <img loading=\"lazy\" decoding=\"async\" width=\"2560\" height=\"1706\" src=\"https:\/\/adrianewsnetwork.com\/rs\/wp-content\/uploads\/2026\/02\/shutterstock_2362056283-scaled.jpg\" class=\"object-cover w-full h-full\" alt=\"\" \/>                            <\/div>\n                            <div class=\"flex flex-col md:flex-row justify-between md:items-center gap-[30px] w-full\">\n                                <span class=\"w-fit text-[clamp(72px,9vw,98px)] font-bold -tracking-[0.04em] leading-[1em] [-webkit-text-stroke:1px_white] text-transparent\">\n                                    01.\n                                <\/span>\n                                <div class=\"w-full flex text-white flex-col\">\n                                    <span class=\"text-[clamp(24px,3.5vw,40px)] mb-[10px] font-bold leading-[1em] -tracking-[0.04em]\">Odgovornost <\/span>\n                                    <span class=\"text-[clamp(16px,2vw,18px)] font-light -tracking-[0.04em]\">Gre\u0161ke ispravljamo transparentno i bez odlaganja.<\/span>\n                                <\/div>\n                            <\/div>\n                        <\/div>\n                    <\/li>\n                                    <li class=\"py-[20px] md:border-t border-white\/70 first:border-t-0\">\n                        <div class=\"flex flex-col md:flex-row no-underline items-center gap-[15px] md:justify-between group page-linking__item\" data-item=\"1\" data-active=\"false\">\n                            <div class=\"w-full mb-[20px] md:hidden h-auto aspect-[363\/236] shrink-0 relative overflow-hidden\">\n                                <img loading=\"lazy\" decoding=\"async\" width=\"2560\" height=\"964\" src=\"https:\/\/adrianewsnetwork.com\/rs\/wp-content\/uploads\/2026\/02\/shutterstock_2474170319-scaled.jpg\" class=\"object-cover w-full h-full\" alt=\"\" \/>                            <\/div>\n                            <div class=\"flex flex-col md:flex-row justify-between md:items-center gap-[30px] w-full\">\n                                <span class=\"w-fit text-[clamp(72px,9vw,98px)] font-bold -tracking-[0.04em] leading-[1em] [-webkit-text-stroke:1px_white] text-transparent\">\n                                    02.\n                                <\/span>\n                                <div class=\"w-full flex text-white flex-col\">\n                                    <span class=\"text-[clamp(24px,3.5vw,40px)] mb-[10px] font-bold leading-[1em] -tracking-[0.04em]\">Ta\u010dnost<\/span>\n                                    <span class=\"text-[clamp(16px,2vw,18px)] font-light -tracking-[0.04em]\">Na\u0161a ure\u0111iva\u010dka povelja zahteva ta\u010dnost i uravnote\u017eenost.<\/span>\n                                <\/div>\n                            <\/div>\n                        <\/div>\n                    <\/li>\n                                    <li class=\"py-[20px] md:border-t border-white\/70 first:border-t-0\">\n                        <div class=\"flex flex-col md:flex-row no-underline items-center gap-[15px] md:justify-between group page-linking__item\" data-item=\"2\" data-active=\"false\">\n                            <div class=\"w-full mb-[20px] md:hidden h-auto aspect-[363\/236] shrink-0 relative overflow-hidden\">\n                                <img loading=\"lazy\" decoding=\"async\" width=\"2560\" height=\"1396\" src=\"https:\/\/adrianewsnetwork.com\/rs\/wp-content\/uploads\/2026\/02\/shutterstock_2600862083-scaled.jpg\" class=\"object-cover w-full h-full\" alt=\"\" \/>                            <\/div>\n                            <div class=\"flex flex-col md:flex-row justify-between md:items-center gap-[30px] w-full\">\n                                <span class=\"w-fit text-[clamp(72px,9vw,98px)] font-bold -tracking-[0.04em] leading-[1em] [-webkit-text-stroke:1px_white] text-transparent\">\n                                    03.\n                                <\/span>\n                                <div class=\"w-full flex text-white flex-col\">\n                                    <span class=\"text-[clamp(24px,3.5vw,40px)] mb-[10px] font-bold leading-[1em] -tracking-[0.04em]\">Nezavisnost <\/span>\n                                    <span class=\"text-[clamp(16px,2vw,18px)] font-light -tracking-[0.04em]\">Na\u0161e novinarstvo je bez politi\u010dkog i komercijalnog uticaja.<\/span>\n                                <\/div>\n                            <\/div>\n                        <\/div>\n                    <\/li>\n                                    <li class=\"py-[20px] md:border-t border-white\/70 first:border-t-0\">\n                        <div class=\"flex flex-col md:flex-row no-underline items-center gap-[15px] md:justify-between group page-linking__item\" data-item=\"3\" data-active=\"false\">\n                            <div class=\"w-full mb-[20px] md:hidden h-auto aspect-[363\/236] shrink-0 relative overflow-hidden\">\n                                <img loading=\"lazy\" decoding=\"async\" width=\"2560\" height=\"1707\" src=\"https:\/\/adrianewsnetwork.com\/rs\/wp-content\/uploads\/2026\/02\/shutterstock_2613582945-scaled.jpg\" class=\"object-cover w-full h-full\" alt=\"\" \/>                            <\/div>\n                            <div class=\"flex flex-col md:flex-row justify-between md:items-center gap-[30px] w-full\">\n                                <span class=\"w-fit text-[clamp(72px,9vw,98px)] font-bold -tracking-[0.04em] leading-[1em] [-webkit-text-stroke:1px_white] text-transparent\">\n                                    04.\n                                <\/span>\n                                <div class=\"w-full flex text-white flex-col\">\n                                    <span class=\"text-[clamp(24px,3.5vw,40px)] mb-[10px] font-bold leading-[1em] -tracking-[0.04em]\">Odgovorna primena tehnologije<\/span>\n                                    <span class=\"text-[clamp(16px,2vw,18px)] font-light -tracking-[0.04em]\">Tehnologiju, podatke i AI koristimo pa\u017eljivo, uz ljudski nadzor.<\/span>\n                                <\/div>\n                            <\/div>\n                        <\/div>\n                    <\/li>\n                            <\/ul>\n        <\/div>\n    <\/div>\n<\/div>\n\n\n<section class=\"stats-block py-[clamp(80px,9vw,150px)] @container\">\n    \n    <div class=\"cwrap\">\n\n        <div class=\"grid grid-cols-1 @2xl:grid-cols-2 @7xl:grid-cols-4 gap-4\">\n\n            <div class=\"border border-[#707070] rounded-[45px] h-full group hover:bg-brand-primary transition duration-300\">\n    <div class=\"py-[30px] px-[35px] @7xl:px-[45px] h-full\">\n\n        <div class=\"flex flex-col items-start justify-between gap-[clamp(30px,4vw,60px)] h-full\">\n\n                            <span class=\"text-[clamp(40px,5vw,72px)] font-bold leading-[1] stat--value group-hover:text-white\">5<\/span>\n            \n            <div class=\"@7xl:max-w-[300px] flex flex-col\">\n                                    <h3 class=\"text-[clamp(20px,1.75vw,26px)] font-bold leading-[1.062] mb-1.5 group-hover:text-white\">Zemalja<\/h3>\n                \n                                    <p class=\"text-[clamp(18px,1.75vw,28px)] text-[#A3A3A3] font-light leading-[1.062] group-hover:text-white\">Prisustvo \u0161irom jugoisto\u010dne Evrope, uz lokalno ukorenjene i nezavisne redakcije.<\/p>\n                            <\/div>\n\n        <\/div>\n\n    <\/div>\n<\/div><div class=\"border border-[#707070] rounded-[45px] h-full group hover:bg-brand-primary transition duration-300\">\n    <div class=\"py-[30px] px-[35px] @7xl:px-[45px] h-full\">\n\n        <div class=\"flex flex-col items-start justify-between gap-[clamp(30px,4vw,60px)] h-full\">\n\n                            <span class=\"text-[clamp(40px,5vw,72px)] font-bold leading-[1] stat--value group-hover:text-white\">14<\/span>\n            \n            <div class=\"@7xl:max-w-[300px] flex flex-col\">\n                                    <h3 class=\"text-[clamp(20px,1.75vw,26px)] font-bold leading-[1.062] mb-1.5 group-hover:text-white\">Brendova<\/h3>\n                \n                                    <p class=\"text-[clamp(18px,1.75vw,28px)] text-[#A3A3A3] font-light leading-[1.062] group-hover:text-white\">Bogato iskustvo u novinarstvu, medijima, javnim politikama i korporativnom upravljanju.<\/p>\n                            <\/div>\n\n        <\/div>\n\n    <\/div>\n<\/div><div class=\"border border-[#707070] rounded-[45px] h-full group hover:bg-brand-primary transition duration-300\">\n    <div class=\"py-[30px] px-[35px] @7xl:px-[45px] h-full\">\n\n        <div class=\"flex flex-col items-start justify-between gap-[clamp(30px,4vw,60px)] h-full\">\n\n                            <span class=\"text-[clamp(40px,5vw,72px)] font-bold leading-[1] stat--value group-hover:text-white\">16m+<\/span>\n            \n            <div class=\"@7xl:max-w-[300px] flex flex-col\">\n                                    <h3 class=\"text-[clamp(20px,1.75vw,26px)] font-bold leading-[1.062] mb-1.5 group-hover:text-white\">Publike<\/h3>\n                \n                                    <p class=\"text-[clamp(18px,1.75vw,28px)] text-[#A3A3A3] font-light leading-[1.062] group-hover:text-white\">Pouzdano novinarstvo na televiziji, digitalnim platformama i u \u0161tampi \u2014 dostupno publici gde god da se nalazi.<\/p>\n                            <\/div>\n\n        <\/div>\n\n    <\/div>\n<\/div><div class=\"border border-[#707070] rounded-[45px] h-full group hover:bg-brand-primary transition duration-300\">\n    <div class=\"py-[30px] px-[35px] @7xl:px-[45px] h-full\">\n\n        <div class=\"flex flex-col items-start justify-between gap-[clamp(30px,4vw,60px)] h-full\">\n\n                            <span class=\"text-[clamp(40px,5vw,72px)] font-bold leading-[1] stat--value group-hover:text-white\">1000+<\/span>\n            \n            <div class=\"@7xl:max-w-[300px] flex flex-col\">\n                                    <h3 class=\"text-[clamp(20px,1.75vw,26px)] font-bold leading-[1.062] mb-1.5 group-hover:text-white\">Uredni\u010dkog osoblja<\/h3>\n                \n                                    <p class=\"text-[clamp(18px,1.75vw,28px)] text-[#A3A3A3] font-light leading-[1.062] group-hover:text-white\">Kreiranje nezavisnog novinarstva na vi\u0161e tr\u017ei\u0161ta, platformi i u razli\u010ditim formatima.<\/p>\n                            <\/div>\n\n        <\/div>\n\n    <\/div>\n<\/div>\n        <\/div>\n\n    <\/div>\n\n<\/section>","protected":false},"excerpt":{"rendered":"","protected":false},"author":1,"featured_media":0,"parent":0,"menu_order":0,"comment_status":"closed","ping_status":"closed","template":"","meta":{"_acf_changed":false,"footnotes":""},"class_list":["post-25","page","type-page","status-publish","hentry"],"acf":[],"yoast_head":"<!-- This site is optimized with the Yoast SEO plugin v26.9 - https:\/\/yoast.com\/product\/yoast-seo-wordpress\/ -->\n<title>O Nama - \u0410\u0434\u0440\u0438\u0430 \u041d\u0435\u0432\u0441 \u041d\u0435\u0442\u0432\u043e\u0440\u043a<\/title>\n<meta name=\"robots\" content=\"index, follow, max-snippet:-1, max-image-preview:large, max-video-preview:-1\" \/>\n<link rel=\"canonical\" href=\"https:\/\/adrianewsnetwork.com\/rs\/o-nama\/\" \/>\n<meta property=\"og:locale\" content=\"en_GB\" \/>\n<meta property=\"og:type\" content=\"article\" \/>\n<meta property=\"og:title\" content=\"O Nama - \u0410\u0434\u0440\u0438\u0430 \u041d\u0435\u0432\u0441 \u041d\u0435\u0442\u0432\u043e\u0440\u043a\" \/>\n<meta property=\"og:url\" content=\"https:\/\/adrianewsnetwork.com\/rs\/o-nama\/\" \/>\n<meta property=\"og:site_name\" content=\"\u0410\u0434\u0440\u0438\u0430 \u041d\u0435\u0432\u0441 \u041d\u0435\u0442\u0432\u043e\u0440\u043a\" \/>\n<meta property=\"article:modified_time\" content=\"2026-02-16T17:42:22+00:00\" \/>\n<meta name=\"twitter:card\" content=\"summary_large_image\" \/>\n<script type=\"application\/ld+json\" class=\"yoast-schema-graph\">{\"@context\":\"https:\/\/schema.org\",\"@graph\":[{\"@type\":\"WebPage\",\"@id\":\"https:\/\/adrianewsnetwork.com\/rs\/o-nama\/\",\"url\":\"https:\/\/adrianewsnetwork.com\/rs\/o-nama\/\",\"name\":\"O Nama - \u0410\u0434\u0440\u0438\u0430 \u041d\u0435\u0432\u0441 \u041d\u0435\u0442\u0432\u043e\u0440\u043a\",\"isPartOf\":{\"@id\":\"https:\/\/adrianewsnetwork.com\/rs\/#website\"},\"datePublished\":\"2026-02-16T17:21:49+00:00\",\"dateModified\":\"2026-02-16T17:42:22+00:00\",\"breadcrumb\":{\"@id\":\"https:\/\/adrianewsnetwork.com\/rs\/o-nama\/#breadcrumb\"},\"inLanguage\":\"en-GB\",\"potentialAction\":[{\"@type\":\"ReadAction\",\"target\":[\"https:\/\/adrianewsnetwork.com\/rs\/o-nama\/\"]}]},{\"@type\":\"BreadcrumbList\",\"@id\":\"https:\/\/adrianewsnetwork.com\/rs\/o-nama\/#breadcrumb\",\"itemListElement\":[{\"@type\":\"ListItem\",\"position\":1,\"name\":\"Home\",\"item\":\"https:\/\/adrianewsnetwork.com\/rs\/\"},{\"@type\":\"ListItem\",\"position\":2,\"name\":\"O Nama\"}]},{\"@type\":\"WebSite\",\"@id\":\"https:\/\/adrianewsnetwork.com\/rs\/#website\",\"url\":\"https:\/\/adrianewsnetwork.com\/rs\/\",\"name\":\"\u0410\u0434\u0440\u0438\u0430 \u041d\u0435\u0432\u0441 \u041d\u0435\u0442\u0432\u043e\u0440\u043a\",\"description\":\"\",\"potentialAction\":[{\"@type\":\"SearchAction\",\"target\":{\"@type\":\"EntryPoint\",\"urlTemplate\":\"https:\/\/adrianewsnetwork.com\/rs\/?s={search_term_string}\"},\"query-input\":{\"@type\":\"PropertyValueSpecification\",\"valueRequired\":true,\"valueName\":\"search_term_string\"}}],\"inLanguage\":\"en-GB\"}]}<\/script>\n<!-- \/ Yoast SEO plugin. -->","yoast_head_json":{"title":"O Nama - \u0410\u0434\u0440\u0438\u0430 \u041d\u0435\u0432\u0441 \u041d\u0435\u0442\u0432\u043e\u0440\u043a","robots":{"index":"index","follow":"follow","max-snippet":"max-snippet:-1","max-image-preview":"max-image-preview:large","max-video-preview":"max-video-preview:-1"},"canonical":"https:\/\/adrianewsnetwork.com\/rs\/o-nama\/","og_locale":"en_GB","og_type":"article","og_title":"O Nama - \u0410\u0434\u0440\u0438\u0430 \u041d\u0435\u0432\u0441 \u041d\u0435\u0442\u0432\u043e\u0440\u043a","og_url":"https:\/\/adrianewsnetwork.com\/rs\/o-nama\/","og_site_name":"\u0410\u0434\u0440\u0438\u0430 \u041d\u0435\u0432\u0441 \u041d\u0435\u0442\u0432\u043e\u0440\u043a","article_modified_time":"2026-02-16T17:42:22+00:00","twitter_card":"summary_large_image","schema":{"@context":"https:\/\/schema.org","@graph":[{"@type":"WebPage","@id":"https:\/\/adrianewsnetwork.com\/rs\/o-nama\/","url":"https:\/\/adrianewsnetwork.com\/rs\/o-nama\/","name":"O Nama - \u0410\u0434\u0440\u0438\u0430 \u041d\u0435\u0432\u0441 \u041d\u0435\u0442\u0432\u043e\u0440\u043a","isPartOf":{"@id":"https:\/\/adrianewsnetwork.com\/rs\/#website"},"datePublished":"2026-02-16T17:21:49+00:00","dateModified":"2026-02-16T17:42:22+00:00","breadcrumb":{"@id":"https:\/\/adrianewsnetwork.com\/rs\/o-nama\/#breadcrumb"},"inLanguage":"en-GB","potentialAction":[{"@type":"ReadAction","target":["https:\/\/adrianewsnetwork.com\/rs\/o-nama\/"]}]},{"@type":"BreadcrumbList","@id":"https:\/\/adrianewsnetwork.com\/rs\/o-nama\/#breadcrumb","itemListElement":[{"@type":"ListItem","position":1,"name":"Home","item":"https:\/\/adrianewsnetwork.com\/rs\/"},{"@type":"ListItem","position":2,"name":"O Nama"}]},{"@type":"WebSite","@id":"https:\/\/adrianewsnetwork.com\/rs\/#website","url":"https:\/\/adrianewsnetwork.com\/rs\/","name":"\u0410\u0434\u0440\u0438\u0430 \u041d\u0435\u0432\u0441 \u041d\u0435\u0442\u0432\u043e\u0440\u043a","description":"","potentialAction":[{"@type":"SearchAction","target":{"@type":"EntryPoint","urlTemplate":"https:\/\/adrianewsnetwork.com\/rs\/?s={search_term_string}"},"query-input":{"@type":"PropertyValueSpecification","valueRequired":true,"valueName":"search_term_string"}}],"inLanguage":"en-GB"}]}},"_links":{"self":[{"href":"https:\/\/adrianewsnetwork.com\/rs\/wp-json\/wp\/v2\/pages\/25","targetHints":{"allow":["GET"]}}],"collection":[{"href":"https:\/\/adrianewsnetwork.com\/rs\/wp-json\/wp\/v2\/pages"}],"about":[{"href":"https:\/\/adrianewsnetwork.com\/rs\/wp-json\/wp\/v2\/types\/page"}],"author":[{"embeddable":true,"href":"https:\/\/adrianewsnetwork.com\/rs\/wp-json\/wp\/v2\/users\/1"}],"replies":[{"embeddable":true,"href":"https:\/\/adrianewsnetwork.com\/rs\/wp-json\/wp\/v2\/comments?post=25"}],"version-history":[{"count":3,"href":"https:\/\/adrianewsnetwork.com\/rs\/wp-json\/wp\/v2\/pages\/25\/revisions"}],"predecessor-version":[{"id":38,"href":"https:\/\/adrianewsnetwork.com\/rs\/wp-json\/wp\/v2\/pages\/25\/revisions\/38"}],"wp:attachment":[{"href":"https:\/\/adrianewsnetwork.com\/rs\/wp-json\/wp\/v2\/media?parent=25"}],"curies":[{"name":"wp","href":"https:\/\/api.w.org\/{rel}","templated":true}]}}