{"id":29,"date":"2026-02-16T17:22:42","date_gmt":"2026-02-16T17:22:42","guid":{"rendered":"https:\/\/adrianewsnetwork.com\/rs\/?page_id=29"},"modified":"2026-02-17T09:25:15","modified_gmt":"2026-02-17T09:25:15","slug":"rukovodstvo-i-upravljanje","status":"publish","type":"page","link":"https:\/\/adrianewsnetwork.com\/rs\/rukovodstvo-i-upravljanje\/","title":{"rendered":"Rukovodstvo I Upravljanje"},"content":{"rendered":"\n<div data-theme=\"transparent\" class=\"bg-center min-h-[min(clamp(550px,90vw,1080px),100vh)] bg-cover flex items-end relative py-[clamp(30px,10vw,100px)]\" style=\"background-image: url('https:\/\/adrianewsnetwork.com\/rs\/wp-content\/uploads\/2026\/02\/shutterstock_1059682232-scaled.jpg');\">\n\t<div class=\"bg-brand-primary\/50 mix-blend-multiply h-full w-full absolute top-0 left-0\"><\/div>\n\t<div class=\"cwrap relative w-full z-10\">\n\t\t<div class=\"max-w-[840px] text-white\">\n\t\t\t<h1 data-size=\"normal\" class=\"data-[size=large]:text-[clamp(44px,9vw,120px)] max-w-[90%] text-[clamp(32px,5vw,72px)] mb-[clamp(20px,2vw,30px)] leading-[1em] font-bold -tracking-[0.04em]\">Rukovodstvo i upravljanje<\/h1>\n\t\t\t<span class=\"inline-block text-[clamp(20px,3vw,40px)] font-bold -tracking-[0.04em] leading-[1em] mb-[clamp(30px,2vw,45px)]\">Iskustvo. Integritet. Smer.<\/span>\n\t\t\t<div class=\"flex gap-[clamp(20px,3vw,40px)]\">\n\t\t\t\t<span class=\"w-[clamp(60px,10vw,80px)] shrink-0\">\n\t\t\t\t\t<svg xmlns=\"http:\/\/www.w3.org\/2000\/svg\" viewBox=\"0 0 635.87 636\">\n  <path fill=\"currentColor\" d=\"m5.95 0 .54 131.76h400.16L0 538.66 96.74 636 504.1 215.99v413.4l131.76-.06V0Z\"\/>\n<\/svg>\n\t\t\t\t<\/span>\n\t\t\t\t<p class=\"max-w-[clamp(300px,40vw,550px)] text-[clamp(16px,2vw,22px)] font-light leading-[1.286em] -tracking-[0.04em]\">Mesto koje okuplja vode\u0107e profesionalce u novinarstvu i medijskom upravljanju \u2014 povezuju\u0107i uredni\u010dku ekspertizu i strate\u0161ko vo\u0111stvo u savremenom informacionom okru\u017eenju.<\/p>\n\t\t\t<\/div>\n\t\t<\/div>\n\t<\/div>\n<\/div>\n\n\n\n<section class=\"team-members my-[75px] relative\">\n    <div class=\"cwrap relative z-2\">\n        \n                <div class=\"group\/member flex flex-col w-full data-[pos=right]:items-end mb-[30px]\" data-pos=\"left\" data-border-width=\"fit\">\n                    <h2 class=\"text-[clamp(46px,3vw,60px)] leading-[1] pb-[16px] group-data-[border-width=fit]\/member:w-full border-b border-[#707070] font-bold\" style=\"max-width:1226px\">Upravni odbor Adria News Network-a<\/h2>\n                    <div class=\"flex gap-x-[16px] gap-y-[50px] w-full flex-wrap shrink pt-[26px] max-md:justify-center md:group-data-[pos=right]\/member:justify-end\">\n                        \n                                <div class=\"w-full h-full basis-0 grow min-w-[300px] md:max-w-[398px]\">\n                                    <div class=\"bg-[#EAEAEA] w-full h-full aspect-square\">\n                                        <img loading=\"lazy\" decoding=\"async\" width=\"620\" height=\"620\" src=\"https:\/\/adrianewsnetwork.com\/rs\/wp-content\/uploads\/2026\/02\/Rani-Raad.png\" class=\"w-full h-full object-cover wp-post-image\" alt=\"\" \/>                                    <\/div>\n                                    <h3 class=\"notranslate text-[30px] leading-[1] font-bold mt-[22px] mb-[8px]\">Rani Raad<\/h3>\n                                    <p class=\"text-[22px] leading-[1] mb-[26px]\">Predsednik Upravnog odbora Adria News-a<\/p>\n\n                                    <div class=\"flex gap-[22px] pt-[26px] border-t border-[#707070]\">\n                                                                                <div>\n                                            <p class=\"text-[14px] font-light tracking-[-0.04em]\">Rani R. Raad je predsednik Upravnog odbora Adria News-a, sa vi\u0161e od 25 godina iskustva u vo\u0111enju me\u0111unarodnih medijskih kompanija. Vi\u0161e od dve decenije proveo je u CNN-u i Warner Bros. Discovery-ju, gde je obavljao funkciju predsednika CNN Commercial Worldwide. Nakon toga bio je izvr\u0161ni direktor kompanije International Media Investments (IMI), kao i predsednik i partner sa izvr\u0161nim ovla\u0161\u0107enjima u RedBird IMI. U ANN donosi strate\u0161ki nadzor i me\u0111unarodnu perspektivu.<\/p>\n                                        <\/div>\n                                    <\/div>\n                                                                    <\/div>\n                        \n                                <div class=\"w-full h-full basis-0 grow min-w-[300px] md:max-w-[398px]\">\n                                    <div class=\"bg-[#EAEAEA] w-full h-full aspect-square\">\n                                        <img loading=\"lazy\" decoding=\"async\" width=\"2001\" height=\"1950\" src=\"https:\/\/adrianewsnetwork.com\/rs\/wp-content\/uploads\/2026\/02\/Unknown-1.jpg\" class=\"w-full h-full object-cover wp-post-image\" alt=\"\" \/>                                    <\/div>\n                                    <h3 class=\"notranslate text-[30px] leading-[1] font-bold mt-[22px] mb-[8px]\">Nigel Baker<\/h3>\n                                    <p class=\"text-[22px] leading-[1] mb-[26px]\">\u010clan Upravnog odbora<\/p>\n\n                                    <div class=\"flex gap-[22px] pt-[26px] border-t border-[#707070]\">\n                                                                                <div>\n                                            <p class=\"text-[14px] font-light tracking-[-0.04em]\">Nigel Baker je istaknuti britanski novinar i medijski rukovodilac sa dugogodi\u0161njim iskustvom u oblasti ure\u0111iva\u010dkog liderstva i korporativnog upravljanja. Predsedava Bordom direktora Sky News-a, koji je osnovan radi za\u0161tite ure\u0111iva\u010dke nezavisnosti ovog britanskog kanala. Tokom karijere obavljao je visoke funkcije u ITN-u, Associated Press-u i Reuters-u, gde je stekao bogato iskustvo u postavljanju uredni\u010dkih standarda, saradnji sa regulatornim telima i razvoju novinarstva od javnog interesa. Tako\u0111e je bio izvr\u0161ni direktor Thomson Foundation, me\u0111unarodne organizacije koja je podr\u017eala razvoj nezavisnog novinarstva u vi\u0161e od 100 zemalja.<\/p>\n                                        <\/div>\n                                    <\/div>\n                                                                    <\/div>\n                        \n                                <div class=\"w-full h-full basis-0 grow min-w-[300px] md:max-w-[398px]\">\n                                    <div class=\"bg-[#EAEAEA] w-full h-full aspect-square\">\n                                        <img loading=\"lazy\" decoding=\"async\" width=\"1152\" height=\"768\" src=\"https:\/\/adrianewsnetwork.com\/rs\/wp-content\/uploads\/2026\/02\/BS-1.-.jpg\" class=\"w-full h-full object-cover wp-post-image\" alt=\"\" \/>                                    <\/div>\n                                    <h3 class=\"notranslate text-[30px] leading-[1] font-bold mt-[22px] mb-[8px]\">Brent Sadler<\/h3>\n                                    <p class=\"text-[22px] leading-[1] mb-[26px]\">Izvr\u0161ni direktor programa<\/p>\n\n                                    <div class=\"flex gap-[22px] pt-[26px] border-t border-[#707070]\">\n                                                                                <div>\n                                            <p class=\"text-[14px] font-light tracking-[-0.04em]\">Brent Sadler je nagra\u0111ivani britanski novinar i biv\u0161i vi\u0161i me\u0111unarodni dopisnik CNN-a, gde je obavljao i funkciju \u0161efa dopisni\u0161tva u Bejrutu. Prethodno je radio kao dopisnik ITN-a za Bliski istok, izve\u0161tavaju\u0107i iz vi\u0161e zemalja regiona. Kao jedan od suosniva\u010da televizije N1, imao je klju\u010dnu ulogu u njenom razvoju i pozicioniranju kao vode\u0107e regionalne informativne mre\u017ee. U svojstvu Izvr\u0161nog urednika vesti ANN-a, nadgleda ure\u0111iva\u010dke standarde, rukovo\u0111enje redakcijama i o\u010duvanje profesionalnog integriteta novinarstva mre\u017ee.<\/p>\n                                        <\/div>\n                                    <\/div>\n                                                                    <\/div>\n                                            <\/div>\n\n                                            <p class=\"text-[clamp(14px,2vw,17px)] font-normal leading-[1.54] mt-[50px] group-data-[pos=right]\/member:text-right max-md:text-center\">Upravnom odboru \u0107e se tako\u0111e pridru\u017eiti Thomas Probst, Niall Martin i Kirenga Mbonampeka.<\/p>\n                                    <\/div>\n        \n                <div class=\"group\/member flex flex-col w-full data-[pos=right]:items-end mb-[30px]\" data-pos=\"right\" data-border-width=\"fit\">\n                    <h2 class=\"text-[clamp(46px,3vw,60px)] leading-[1] pb-[16px] group-data-[border-width=fit]\/member:w-full border-b border-[#707070] font-bold\" style=\"max-width:1226px\">Ure\u0111iva\u010dki savet Adria News Network-a<\/h2>\n                    <div class=\"flex gap-x-[16px] gap-y-[50px] w-full flex-wrap shrink pt-[26px] max-md:justify-center md:group-data-[pos=right]\/member:justify-end\">\n                        \n                                <div class=\"w-full h-full basis-0 grow min-w-[300px] md:max-w-[398px]\">\n                                    <div class=\"bg-[#EAEAEA] w-full h-full aspect-square\">\n                                        <img loading=\"lazy\" decoding=\"async\" width=\"2001\" height=\"1950\" src=\"https:\/\/adrianewsnetwork.com\/rs\/wp-content\/uploads\/2026\/02\/Unknown-1.jpg\" class=\"w-full h-full object-cover wp-post-image\" alt=\"\" \/>                                    <\/div>\n                                    <h3 class=\"notranslate text-[30px] leading-[1] font-bold mt-[22px] mb-[8px]\">Nigel Baker<\/h3>\n                                    <p class=\"text-[22px] leading-[1] mb-[26px]\">\u010clan Upravnog odbora<\/p>\n\n                                    <div class=\"flex gap-[22px] pt-[26px] border-t border-[#707070]\">\n                                                                                <div>\n                                            <p class=\"text-[14px] font-light tracking-[-0.04em]\">Nigel Baker je istaknuti britanski novinar i medijski rukovodilac sa dugogodi\u0161njim iskustvom u oblasti ure\u0111iva\u010dkog liderstva i korporativnog upravljanja. Predsedava Bordom direktora Sky News-a, koji je osnovan radi za\u0161tite ure\u0111iva\u010dke nezavisnosti ovog britanskog kanala. Tokom karijere obavljao je visoke funkcije u ITN-u, Associated Press-u i Reuters-u, gde je stekao bogato iskustvo u postavljanju uredni\u010dkih standarda, saradnji sa regulatornim telima i razvoju novinarstva od javnog interesa. Tako\u0111e je bio izvr\u0161ni direktor Thomson Foundation, me\u0111unarodne organizacije koja je podr\u017eala razvoj nezavisnog novinarstva u vi\u0161e od 100 zemalja.<\/p>\n                                        <\/div>\n                                    <\/div>\n                                                                    <\/div>\n                        \n                                <div class=\"w-full h-full basis-0 grow min-w-[300px] md:max-w-[398px]\">\n                                    <div class=\"bg-[#EAEAEA] w-full h-full aspect-square\">\n                                        <img loading=\"lazy\" decoding=\"async\" width=\"2560\" height=\"2560\" src=\"https:\/\/adrianewsnetwork.com\/rs\/wp-content\/uploads\/2026\/02\/May-ChidiacSQ-scaled.jpg\" class=\"w-full h-full object-cover wp-post-image\" alt=\"\" \/>                                    <\/div>\n                                    <h3 class=\"notranslate text-[30px] leading-[1] font-bold mt-[22px] mb-[8px]\">Dr. May Chidiac<\/h3>\n                                    <p class=\"text-[22px] leading-[1] mb-[26px]\">\u010clan <\/p>\n\n                                    <div class=\"flex gap-[22px] pt-[26px] border-t border-[#707070]\">\n                                                                                <div>\n                                            <p class=\"text-[14px] font-light tracking-[-0.04em]\">May je me\u0111unarodno priznata novinarka i zagovornica slobode medija, sa nagra\u0111ivanom karijerom u televiziji i radiju koja traje vi\u0161e od 25 godina. Doktorirala je iz oblasti komunikacionih i informacionih nauka na Univerzitetu Paris-Panth\u00e9on-Assas, profesorka je medija na Univerzitetu Notre Dame i kroz svoju fondaciju pru\u017ea konsultantske usluge u oblasti medija i novinarstva. Kao biv\u0161a politi\u010dka talk-show voditeljka u Libanu, stekla je globalno priznanje zbog svoje dosledne odbrane nezavisnog novinarstva nakon \u0161to je pre\u017eivela atentat 2005. godine, postav\u0161i simbol otpornosti i slobode izra\u017eavanja.<\/p>\n                                        <\/div>\n                                    <\/div>\n                                                                    <\/div>\n                        \n                                <div class=\"w-full h-full basis-0 grow min-w-[300px] md:max-w-[398px]\">\n                                    <div class=\"bg-[#EAEAEA] w-full h-full aspect-square\">\n                                        <img loading=\"lazy\" decoding=\"async\" width=\"1708\" height=\"2560\" src=\"https:\/\/adrianewsnetwork.com\/rs\/wp-content\/uploads\/2026\/02\/Unknown-scaled.jpeg\" class=\"w-full h-full object-cover wp-post-image\" alt=\"\" \/>                                    <\/div>\n                                    <h3 class=\"notranslate text-[30px] leading-[1] font-bold mt-[22px] mb-[8px]\">Simon Bucks<\/h3>\n                                    <p class=\"text-[22px] leading-[1] mb-[26px]\">\u010clan<\/p>\n\n                                    <div class=\"flex gap-[22px] pt-[26px] border-t border-[#707070]\">\n                                                                                <div>\n                                            <p class=\"text-[14px] font-light tracking-[-0.04em]\">Simon je istaknuti novinar i medijski rukovodilac u oblasti elektronskih medija. \u010clan je Odbora za sadr\u017eaj britanskog regulatora Ofcom, kao i po\u010dasni sekretar i poverenik Kraljevskog televizijskog dru\u0161tva. Tokom karijere obavljao je visoke ure\u0111iva\u010dke funkcije u ITV-u, ITN-u i Sky News-u, a bio je i izvr\u0161ni direktor BFBS-a (British Forces Broadcasting Service).<\/p>\n                                        <\/div>\n                                    <\/div>\n                                                                    <\/div>\n                                            <\/div>\n\n                                    <\/div>\n        \n    <\/div>\n    <div class=\"absolute top-[50%] left-[62px] max-w-[calc(100vw-62px)] opacity-20 translate-y-[-50%] rotate-45 z-1\">\n        <svg xmlns=\"http:\/\/www.w3.org\/2000\/svg\" width=\"628.712\" height=\"628.849\" viewBox=\"0 0 628.712 628.849\">\n            <g id=\"Group_3\" data-name=\"Group 3\" transform=\"translate(0.706 0.5)\">\n                <path id=\"Path_3\" data-name=\"Path 3\" d=\"M5.231,0l.534,130.026h394.9L-.637,531.573l95.463,96.062,402.017-414.49V621.1l130.026-.055V0Z\" transform=\"translate(0.637)\" fill=\"none\" stroke=\"#a3a3a3\" stroke-width=\"1\" \/>\n            <\/g>\n        <\/svg>\n    <\/div>\n\n\n    <div id=\"video-popup\" class=\"video-popup transition-all duration-300 fixed overflow-visible top-[50%] left-[50%] translate-[-50%] w-full max-w-[880px] max-h-[520px] z-100 aspect-video px-[20px] bg-transparent\" popover>\n        <div class=\"video-popup__inner bg-white aspect-video pt-[50px] p-[30px]\">\n            <button class=\"video-popup__close flex cursor-pointer items-center uppercase gap-[9.5px] absolute right-[50px] z-3 top-[15px] text-[14px] font-bold\" type=\"button\" popovertarget=\"video-popup\" popovertargetaction=\"hide\">\n                Close\n                <svg xmlns=\"http:\/\/www.w3.org\/2000\/svg\" width=\"10.414\" height=\"10.414\" viewBox=\"0 0 10.414 10.414\">\n                    <g id=\"Group_54\" data-name=\"Group 54\" transform=\"translate(-1744.271 -981.793)\">\n                        <line id=\"Line_18\" data-name=\"Line 18\" x2=\"9\" y2=\"9\" transform=\"translate(1744.979 982.5)\" fill=\"none\" stroke=\"#000\" stroke-width=\"2\" \/>\n                        <line id=\"Line_19\" data-name=\"Line 19\" x2=\"9\" y2=\"9\" transform=\"translate(1753.979 982.5) rotate(90)\" fill=\"none\" stroke=\"#000\" stroke-width=\"2\" \/>\n                    <\/g>\n                <\/svg>\n            <\/button>\n        <\/div>\n    <\/div>\n<\/section>\n\n\n<section class=\"content-with-image pt-[clamp(48px,6vw,96px)] pb-[clamp(100px,12vw,200px)] relative\">\n\n    \n    \n    <div class=\"cwrap\">\n\n        <div class=\"flex flex-col items-center justify-center\">\n\n                            <h2 class=\"text-[clamp(32px,5vw,72px)] font-bold leading-[1] mb-[clamp(25px,5vw,50px)]\">Upravljanje<\/h2>\n            \n                            <p class=\"text-[clamp(20px,3vw,26px)] font-bold text-center leading-[1.312] max-w-[clamp(800px,56vw,1000px)] mb-[clamp(40px,5vw,100px)]\">ANN je uspostavljen na osnovu novog, sna\u017enog modela korporativnog upravljanja koji obezbe\u0111uje strukturnu za\u0161titu ure\u0111iva\u010dke nezavisnosti.<\/p>\n            \n            <div class=\"max-w-[750px] xl:max-w-[1200px] flex flex-col xl:flex-row gap-[60px] items-center xl:items-stretch justify-between w-full\">\n\n                                    <div class=\"w-full xl:max-w-[535px]\">\n                        <img loading=\"lazy\" decoding=\"async\" width=\"2560\" height=\"1707\" src=\"https:\/\/adrianewsnetwork.com\/rs\/wp-content\/uploads\/2026\/02\/shutterstock_2478370791-scaled.jpg\" class=\"w-full h-full object-cover\" alt=\"\" \/>                    <\/div>\n                \n                                    <div class=\"hidden xl:block border-[0.5px] border-[#707070]\"><\/div>\n                \n                                    <div class=\"xl:max-w-[535px]\">\n                        <p class=\"text-[16px] md:text-[18px] font-light leading-[1.54] text-center md:text-start\">ANN primenjuje jasno razdvajanje izme\u0111u vlasni\u0161tva, izvr\u0161nog menad\u017ementa i ure\u0111iva\u010dke odgovornosti, \u010dime se obezbe\u0111uju odgovornost i uskla\u0111enost sa regulatornim zahtevima kao nezavisnog poslovnog sistema. Nezavisni Upravni odbor zadu\u017een je za korporativni nadzor i finansijsko upravljanje, dok je lokalnom rukovodstvu poverena ure\u0111iva\u010dka politika, kadrovska pitanja i svakodnevne odluke u redakcijama. Ovaj model dodatno je podr\u017ean Ure\u0111iva\u010dkim savetom na nivou cele grupe, koji nadzire standarde, etiku i uskla\u0111enost, bez me\u0161anja u operativne i dnevne odluke. Ovakva struktura uskla\u0111uje upravljanje na svim tr\u017ei\u0161tima, smanjuje institucionalni rizik i obezbe\u0111uje dugoro\u010dne mehanizme za\u0161tite pouzdanog novinarstva \u0161irom jugoisto\u010dne Evrope.<\/p>\n                    <\/div>\n                \n            <\/div>\n\n        <\/div>\n\n    <\/div>\n\n<\/section>","protected":false},"excerpt":{"rendered":"","protected":false},"author":1,"featured_media":0,"parent":0,"menu_order":0,"comment_status":"closed","ping_status":"closed","template":"","meta":{"_acf_changed":false,"footnotes":""},"class_list":["post-29","page","type-page","status-publish","hentry"],"acf":[],"yoast_head":"<!-- This site is optimized with the Yoast SEO plugin v26.9 - https:\/\/yoast.com\/product\/yoast-seo-wordpress\/ -->\n<title>Rukovodstvo I Upravljanje - \u0410\u0434\u0440\u0438\u0430 \u041d\u0435\u0432\u0441 \u041d\u0435\u0442\u0432\u043e\u0440\u043a<\/title>\n<meta name=\"robots\" content=\"index, follow, max-snippet:-1, max-image-preview:large, max-video-preview:-1\" \/>\n<link rel=\"canonical\" href=\"https:\/\/adrianewsnetwork.com\/rs\/rukovodstvo-i-upravljanje\/\" \/>\n<meta property=\"og:locale\" content=\"en_GB\" \/>\n<meta property=\"og:type\" content=\"article\" \/>\n<meta property=\"og:title\" content=\"Rukovodstvo I Upravljanje - \u0410\u0434\u0440\u0438\u0430 \u041d\u0435\u0432\u0441 \u041d\u0435\u0442\u0432\u043e\u0440\u043a\" \/>\n<meta property=\"og:url\" content=\"https:\/\/adrianewsnetwork.com\/rs\/rukovodstvo-i-upravljanje\/\" \/>\n<meta property=\"og:site_name\" content=\"\u0410\u0434\u0440\u0438\u0430 \u041d\u0435\u0432\u0441 \u041d\u0435\u0442\u0432\u043e\u0440\u043a\" \/>\n<meta property=\"article:modified_time\" content=\"2026-02-17T09:25:15+00:00\" \/>\n<meta name=\"twitter:card\" content=\"summary_large_image\" \/>\n<script type=\"application\/ld+json\" class=\"yoast-schema-graph\">{\"@context\":\"https:\/\/schema.org\",\"@graph\":[{\"@type\":\"WebPage\",\"@id\":\"https:\/\/adrianewsnetwork.com\/rs\/rukovodstvo-i-upravljanje\/\",\"url\":\"https:\/\/adrianewsnetwork.com\/rs\/rukovodstvo-i-upravljanje\/\",\"name\":\"Rukovodstvo I Upravljanje - \u0410\u0434\u0440\u0438\u0430 \u041d\u0435\u0432\u0441 \u041d\u0435\u0442\u0432\u043e\u0440\u043a\",\"isPartOf\":{\"@id\":\"https:\/\/adrianewsnetwork.com\/rs\/#website\"},\"datePublished\":\"2026-02-16T17:22:42+00:00\",\"dateModified\":\"2026-02-17T09:25:15+00:00\",\"breadcrumb\":{\"@id\":\"https:\/\/adrianewsnetwork.com\/rs\/rukovodstvo-i-upravljanje\/#breadcrumb\"},\"inLanguage\":\"en-GB\",\"potentialAction\":[{\"@type\":\"ReadAction\",\"target\":[\"https:\/\/adrianewsnetwork.com\/rs\/rukovodstvo-i-upravljanje\/\"]}]},{\"@type\":\"BreadcrumbList\",\"@id\":\"https:\/\/adrianewsnetwork.com\/rs\/rukovodstvo-i-upravljanje\/#breadcrumb\",\"itemListElement\":[{\"@type\":\"ListItem\",\"position\":1,\"name\":\"Home\",\"item\":\"https:\/\/adrianewsnetwork.com\/rs\/\"},{\"@type\":\"ListItem\",\"position\":2,\"name\":\"Rukovodstvo I Upravljanje\"}]},{\"@type\":\"WebSite\",\"@id\":\"https:\/\/adrianewsnetwork.com\/rs\/#website\",\"url\":\"https:\/\/adrianewsnetwork.com\/rs\/\",\"name\":\"\u0410\u0434\u0440\u0438\u0430 \u041d\u0435\u0432\u0441 \u041d\u0435\u0442\u0432\u043e\u0440\u043a\",\"description\":\"\",\"potentialAction\":[{\"@type\":\"SearchAction\",\"target\":{\"@type\":\"EntryPoint\",\"urlTemplate\":\"https:\/\/adrianewsnetwork.com\/rs\/?s={search_term_string}\"},\"query-input\":{\"@type\":\"PropertyValueSpecification\",\"valueRequired\":true,\"valueName\":\"search_term_string\"}}],\"inLanguage\":\"en-GB\"}]}<\/script>\n<!-- \/ Yoast SEO plugin. -->","yoast_head_json":{"title":"Rukovodstvo I Upravljanje - \u0410\u0434\u0440\u0438\u0430 \u041d\u0435\u0432\u0441 \u041d\u0435\u0442\u0432\u043e\u0440\u043a","robots":{"index":"index","follow":"follow","max-snippet":"max-snippet:-1","max-image-preview":"max-image-preview:large","max-video-preview":"max-video-preview:-1"},"canonical":"https:\/\/adrianewsnetwork.com\/rs\/rukovodstvo-i-upravljanje\/","og_locale":"en_GB","og_type":"article","og_title":"Rukovodstvo I Upravljanje - \u0410\u0434\u0440\u0438\u0430 \u041d\u0435\u0432\u0441 \u041d\u0435\u0442\u0432\u043e\u0440\u043a","og_url":"https:\/\/adrianewsnetwork.com\/rs\/rukovodstvo-i-upravljanje\/","og_site_name":"\u0410\u0434\u0440\u0438\u0430 \u041d\u0435\u0432\u0441 \u041d\u0435\u0442\u0432\u043e\u0440\u043a","article_modified_time":"2026-02-17T09:25:15+00:00","twitter_card":"summary_large_image","schema":{"@context":"https:\/\/schema.org","@graph":[{"@type":"WebPage","@id":"https:\/\/adrianewsnetwork.com\/rs\/rukovodstvo-i-upravljanje\/","url":"https:\/\/adrianewsnetwork.com\/rs\/rukovodstvo-i-upravljanje\/","name":"Rukovodstvo I Upravljanje - \u0410\u0434\u0440\u0438\u0430 \u041d\u0435\u0432\u0441 \u041d\u0435\u0442\u0432\u043e\u0440\u043a","isPartOf":{"@id":"https:\/\/adrianewsnetwork.com\/rs\/#website"},"datePublished":"2026-02-16T17:22:42+00:00","dateModified":"2026-02-17T09:25:15+00:00","breadcrumb":{"@id":"https:\/\/adrianewsnetwork.com\/rs\/rukovodstvo-i-upravljanje\/#breadcrumb"},"inLanguage":"en-GB","potentialAction":[{"@type":"ReadAction","target":["https:\/\/adrianewsnetwork.com\/rs\/rukovodstvo-i-upravljanje\/"]}]},{"@type":"BreadcrumbList","@id":"https:\/\/adrianewsnetwork.com\/rs\/rukovodstvo-i-upravljanje\/#breadcrumb","itemListElement":[{"@type":"ListItem","position":1,"name":"Home","item":"https:\/\/adrianewsnetwork.com\/rs\/"},{"@type":"ListItem","position":2,"name":"Rukovodstvo I Upravljanje"}]},{"@type":"WebSite","@id":"https:\/\/adrianewsnetwork.com\/rs\/#website","url":"https:\/\/adrianewsnetwork.com\/rs\/","name":"\u0410\u0434\u0440\u0438\u0430 \u041d\u0435\u0432\u0441 \u041d\u0435\u0442\u0432\u043e\u0440\u043a","description":"","potentialAction":[{"@type":"SearchAction","target":{"@type":"EntryPoint","urlTemplate":"https:\/\/adrianewsnetwork.com\/rs\/?s={search_term_string}"},"query-input":{"@type":"PropertyValueSpecification","valueRequired":true,"valueName":"search_term_string"}}],"inLanguage":"en-GB"}]}},"_links":{"self":[{"href":"https:\/\/adrianewsnetwork.com\/rs\/wp-json\/wp\/v2\/pages\/29","targetHints":{"allow":["GET"]}}],"collection":[{"href":"https:\/\/adrianewsnetwork.com\/rs\/wp-json\/wp\/v2\/pages"}],"about":[{"href":"https:\/\/adrianewsnetwork.com\/rs\/wp-json\/wp\/v2\/types\/page"}],"author":[{"embeddable":true,"href":"https:\/\/adrianewsnetwork.com\/rs\/wp-json\/wp\/v2\/users\/1"}],"replies":[{"embeddable":true,"href":"https:\/\/adrianewsnetwork.com\/rs\/wp-json\/wp\/v2\/comments?post=29"}],"version-history":[{"count":4,"href":"https:\/\/adrianewsnetwork.com\/rs\/wp-json\/wp\/v2\/pages\/29\/revisions"}],"predecessor-version":[{"id":62,"href":"https:\/\/adrianewsnetwork.com\/rs\/wp-json\/wp\/v2\/pages\/29\/revisions\/62"}],"wp:attachment":[{"href":"https:\/\/adrianewsnetwork.com\/rs\/wp-json\/wp\/v2\/media?parent=29"}],"curies":[{"name":"wp","href":"https:\/\/api.w.org\/{rel}","templated":true}]}}