{"id":31,"date":"2026-02-16T17:22:59","date_gmt":"2026-02-16T17:22:59","guid":{"rendered":"https:\/\/adrianewsnetwork.com\/rs\/?page_id=31"},"modified":"2026-02-16T18:10:34","modified_gmt":"2026-02-16T18:10:34","slug":"najnovije-vesti","status":"publish","type":"page","link":"https:\/\/adrianewsnetwork.com\/rs\/najnovije-vesti\/","title":{"rendered":"Najnovije Vesti"},"content":{"rendered":"\n<div data-theme=\"transparent\" class=\"bg-center min-h-[min(clamp(550px,90vw,1080px),100vh)] bg-cover flex items-end relative py-[clamp(30px,10vw,100px)]\" style=\"background-image: url('https:\/\/adrianewsnetwork.com\/rs\/wp-content\/uploads\/2026\/02\/shutterstock_1646266336-scaled.jpg');\">\n\t<div class=\"bg-brand-primary\/50 mix-blend-multiply h-full w-full absolute top-0 left-0\"><\/div>\n\t<div class=\"cwrap relative w-full z-10\">\n\t\t<div class=\"max-w-[840px] text-white\">\n\t\t\t<h1 data-size=\"normal\" class=\"data-[size=large]:text-[clamp(44px,9vw,120px)] max-w-[90%] text-[clamp(32px,5vw,72px)] mb-[clamp(20px,2vw,30px)] leading-[1em] font-bold -tracking-[0.04em]\">Aktuelno na Adria News-u<\/h1>\n\t\t\t<span class=\"inline-block text-[clamp(20px,3vw,40px)] font-bold -tracking-[0.04em] leading-[1em] mb-[clamp(30px,2vw,45px)]\">Budite u toku<\/span>\n\t\t\t<div class=\"flex gap-[clamp(20px,3vw,40px)]\">\n\t\t\t\t<span class=\"w-[clamp(60px,10vw,80px)] shrink-0\">\n\t\t\t\t\t<svg xmlns=\"http:\/\/www.w3.org\/2000\/svg\" viewBox=\"0 0 635.87 636\">\n  <path fill=\"currentColor\" d=\"m5.95 0 .54 131.76h400.16L0 538.66 96.74 636 504.1 215.99v413.4l131.76-.06V0Z\"\/>\n<\/svg>\n\t\t\t\t<\/span>\n\t\t\t\t<p class=\"max-w-[clamp(300px,40vw,550px)] text-[clamp(16px,2vw,22px)] font-light leading-[1.286em] -tracking-[0.04em]\">Od udarnih vesti do detaljnih analiza, pratite nas i na\u0161e nagra\u0111ivane novinske naslove <\/p>\n\t\t\t<\/div>\n\t\t<\/div>\n\t<\/div>\n<\/div>\n\n\n\n<section class=\"news-listings py-[72px] @container\">\n\n    <div class=\"cwrap\">\n\n                    <div class=\"news-grid grid grid-cols-1 gap-4 @5xl:grid-cols-2 mb-[clamp(35px,6vw,100px)]\">\n\n                <article class=\"news-card w-full h-full bg-brand-primary\/5 hover:bg-brand-primary\/10 transition duration-300 @container\">\n\n    <a class=\"flex flex-col h-full py-[30px] px-[35px] group\" href=\"https:\/\/adrianewsnetwork.com\/rs\/2026\/02\/19\/adria-news-s-a-rl-pokrece-adria-news-network-nezavisni-brend-za-jugoistocnu-evropu\/\">\n\n        <div class=\"flex flex-col gap-3 @xl:gap-0 @xl:flex-row items-start justify-between mb-[clamp(30px,3vw,60px)]\">\n\n                            <span class=\"text-base font-bold\">19.02.2026<\/span>\n            \n            \n        <\/div>\n\n        <div class=\"flex flex-col @2xl:flex-row items-start @2xl:items-end justify-between mt-auto gap-4 @2gap-0\">\n\n            <div class=\"flex flex-col gap-4 @xl:max-w-[450px]\">\n\n                                    <h2 class=\"text-[clamp(20px,3vw,24px)] font-bold leading-tight @xl:leading-[1.13]\">Adria News S.\u00e0 r.l. pokre\u0107e Adria News Network, nezavisni brend za jugoisto\u010dnu Evropu<\/h2>\n                \n                                    <p class=\"text-base font-light leading-[1.33]\">Luxembourg \u2013 Adria News Network (ANN) today formally launches under Adria News S.\u00e0 r.l., bringing together 14 country-leading television, print and digital news brands in a dedicated governance framework designed to further protect editorial freedom.<\/p>\n                \n            <\/div>\n\n                            <span class=\"flex items-center justify-center gap-[10px]\">\n                    <span class=\"size-3 text-black font-bold [&#038;_svg]:w-full [&#038;_svg]:h-full transition-transform duration-300 group-hover:-translate-y-0.5 group-hover:translate-x-0.5 ease-in-out\">\n                        <svg xmlns=\"http:\/\/www.w3.org\/2000\/svg\" viewBox=\"0 0 635.87 636\">\n  <path fill=\"currentColor\" d=\"m5.95 0 .54 131.76h400.16L0 538.66 96.74 636 504.1 215.99v413.4l131.76-.06V0Z\"\/>\n<\/svg>\n                    <\/span>\n                    <span class=\"text-lg font-bold transition-transform duration-300 group-hover:-translate-y-0.5 group-hover:translate-x-0.5 ease-in-out\">Read<\/span>\n                <\/span>\n            \n        <\/div>\n\n    <\/a>\n\n<\/article>\n            <\/div>\n\n            \n            \n    <\/div>\n    \n<\/section>","protected":false},"excerpt":{"rendered":"","protected":false},"author":1,"featured_media":0,"parent":0,"menu_order":0,"comment_status":"closed","ping_status":"closed","template":"","meta":{"_acf_changed":false,"footnotes":""},"class_list":["post-31","page","type-page","status-publish","hentry"],"acf":[],"yoast_head":"<!-- This site is optimized with the Yoast SEO plugin v26.9 - https:\/\/yoast.com\/product\/yoast-seo-wordpress\/ -->\n<title>Najnovije Vesti - \u0410\u0434\u0440\u0438\u0430 \u041d\u0435\u0432\u0441 \u041d\u0435\u0442\u0432\u043e\u0440\u043a<\/title>\n<meta name=\"robots\" content=\"index, follow, max-snippet:-1, max-image-preview:large, max-video-preview:-1\" \/>\n<link rel=\"canonical\" href=\"https:\/\/adrianewsnetwork.com\/rs\/najnovije-vesti\/\" \/>\n<meta property=\"og:locale\" content=\"en_GB\" \/>\n<meta property=\"og:type\" content=\"article\" \/>\n<meta property=\"og:title\" content=\"Najnovije Vesti - \u0410\u0434\u0440\u0438\u0430 \u041d\u0435\u0432\u0441 \u041d\u0435\u0442\u0432\u043e\u0440\u043a\" \/>\n<meta property=\"og:url\" content=\"https:\/\/adrianewsnetwork.com\/rs\/najnovije-vesti\/\" \/>\n<meta property=\"og:site_name\" content=\"\u0410\u0434\u0440\u0438\u0430 \u041d\u0435\u0432\u0441 \u041d\u0435\u0442\u0432\u043e\u0440\u043a\" \/>\n<meta property=\"article:modified_time\" content=\"2026-02-16T18:10:34+00:00\" \/>\n<meta name=\"twitter:card\" content=\"summary_large_image\" \/>\n<script type=\"application\/ld+json\" class=\"yoast-schema-graph\">{\"@context\":\"https:\/\/schema.org\",\"@graph\":[{\"@type\":\"WebPage\",\"@id\":\"https:\/\/adrianewsnetwork.com\/rs\/najnovije-vesti\/\",\"url\":\"https:\/\/adrianewsnetwork.com\/rs\/najnovije-vesti\/\",\"name\":\"Najnovije Vesti - \u0410\u0434\u0440\u0438\u0430 \u041d\u0435\u0432\u0441 \u041d\u0435\u0442\u0432\u043e\u0440\u043a\",\"isPartOf\":{\"@id\":\"https:\/\/adrianewsnetwork.com\/rs\/#website\"},\"datePublished\":\"2026-02-16T17:22:59+00:00\",\"dateModified\":\"2026-02-16T18:10:34+00:00\",\"breadcrumb\":{\"@id\":\"https:\/\/adrianewsnetwork.com\/rs\/najnovije-vesti\/#breadcrumb\"},\"inLanguage\":\"en-GB\",\"potentialAction\":[{\"@type\":\"ReadAction\",\"target\":[\"https:\/\/adrianewsnetwork.com\/rs\/najnovije-vesti\/\"]}]},{\"@type\":\"BreadcrumbList\",\"@id\":\"https:\/\/adrianewsnetwork.com\/rs\/najnovije-vesti\/#breadcrumb\",\"itemListElement\":[{\"@type\":\"ListItem\",\"position\":1,\"name\":\"Home\",\"item\":\"https:\/\/adrianewsnetwork.com\/rs\/\"},{\"@type\":\"ListItem\",\"position\":2,\"name\":\"Najnovije Vesti\"}]},{\"@type\":\"WebSite\",\"@id\":\"https:\/\/adrianewsnetwork.com\/rs\/#website\",\"url\":\"https:\/\/adrianewsnetwork.com\/rs\/\",\"name\":\"\u0410\u0434\u0440\u0438\u0430 \u041d\u0435\u0432\u0441 \u041d\u0435\u0442\u0432\u043e\u0440\u043a\",\"description\":\"\",\"potentialAction\":[{\"@type\":\"SearchAction\",\"target\":{\"@type\":\"EntryPoint\",\"urlTemplate\":\"https:\/\/adrianewsnetwork.com\/rs\/?s={search_term_string}\"},\"query-input\":{\"@type\":\"PropertyValueSpecification\",\"valueRequired\":true,\"valueName\":\"search_term_string\"}}],\"inLanguage\":\"en-GB\"}]}<\/script>\n<!-- \/ Yoast SEO plugin. -->","yoast_head_json":{"title":"Najnovije Vesti - \u0410\u0434\u0440\u0438\u0430 \u041d\u0435\u0432\u0441 \u041d\u0435\u0442\u0432\u043e\u0440\u043a","robots":{"index":"index","follow":"follow","max-snippet":"max-snippet:-1","max-image-preview":"max-image-preview:large","max-video-preview":"max-video-preview:-1"},"canonical":"https:\/\/adrianewsnetwork.com\/rs\/najnovije-vesti\/","og_locale":"en_GB","og_type":"article","og_title":"Najnovije Vesti - \u0410\u0434\u0440\u0438\u0430 \u041d\u0435\u0432\u0441 \u041d\u0435\u0442\u0432\u043e\u0440\u043a","og_url":"https:\/\/adrianewsnetwork.com\/rs\/najnovije-vesti\/","og_site_name":"\u0410\u0434\u0440\u0438\u0430 \u041d\u0435\u0432\u0441 \u041d\u0435\u0442\u0432\u043e\u0440\u043a","article_modified_time":"2026-02-16T18:10:34+00:00","twitter_card":"summary_large_image","schema":{"@context":"https:\/\/schema.org","@graph":[{"@type":"WebPage","@id":"https:\/\/adrianewsnetwork.com\/rs\/najnovije-vesti\/","url":"https:\/\/adrianewsnetwork.com\/rs\/najnovije-vesti\/","name":"Najnovije Vesti - \u0410\u0434\u0440\u0438\u0430 \u041d\u0435\u0432\u0441 \u041d\u0435\u0442\u0432\u043e\u0440\u043a","isPartOf":{"@id":"https:\/\/adrianewsnetwork.com\/rs\/#website"},"datePublished":"2026-02-16T17:22:59+00:00","dateModified":"2026-02-16T18:10:34+00:00","breadcrumb":{"@id":"https:\/\/adrianewsnetwork.com\/rs\/najnovije-vesti\/#breadcrumb"},"inLanguage":"en-GB","potentialAction":[{"@type":"ReadAction","target":["https:\/\/adrianewsnetwork.com\/rs\/najnovije-vesti\/"]}]},{"@type":"BreadcrumbList","@id":"https:\/\/adrianewsnetwork.com\/rs\/najnovije-vesti\/#breadcrumb","itemListElement":[{"@type":"ListItem","position":1,"name":"Home","item":"https:\/\/adrianewsnetwork.com\/rs\/"},{"@type":"ListItem","position":2,"name":"Najnovije Vesti"}]},{"@type":"WebSite","@id":"https:\/\/adrianewsnetwork.com\/rs\/#website","url":"https:\/\/adrianewsnetwork.com\/rs\/","name":"\u0410\u0434\u0440\u0438\u0430 \u041d\u0435\u0432\u0441 \u041d\u0435\u0442\u0432\u043e\u0440\u043a","description":"","potentialAction":[{"@type":"SearchAction","target":{"@type":"EntryPoint","urlTemplate":"https:\/\/adrianewsnetwork.com\/rs\/?s={search_term_string}"},"query-input":{"@type":"PropertyValueSpecification","valueRequired":true,"valueName":"search_term_string"}}],"inLanguage":"en-GB"}]}},"_links":{"self":[{"href":"https:\/\/adrianewsnetwork.com\/rs\/wp-json\/wp\/v2\/pages\/31","targetHints":{"allow":["GET"]}}],"collection":[{"href":"https:\/\/adrianewsnetwork.com\/rs\/wp-json\/wp\/v2\/pages"}],"about":[{"href":"https:\/\/adrianewsnetwork.com\/rs\/wp-json\/wp\/v2\/types\/page"}],"author":[{"embeddable":true,"href":"https:\/\/adrianewsnetwork.com\/rs\/wp-json\/wp\/v2\/users\/1"}],"replies":[{"embeddable":true,"href":"https:\/\/adrianewsnetwork.com\/rs\/wp-json\/wp\/v2\/comments?post=31"}],"version-history":[{"count":2,"href":"https:\/\/adrianewsnetwork.com\/rs\/wp-json\/wp\/v2\/pages\/31\/revisions"}],"predecessor-version":[{"id":61,"href":"https:\/\/adrianewsnetwork.com\/rs\/wp-json\/wp\/v2\/pages\/31\/revisions\/61"}],"wp:attachment":[{"href":"https:\/\/adrianewsnetwork.com\/rs\/wp-json\/wp\/v2\/media?parent=31"}],"curies":[{"name":"wp","href":"https:\/\/api.w.org\/{rel}","templated":true}]}}